{"id":233,"date":"2023-05-14T03:15:00","date_gmt":"2023-05-14T03:15:00","guid":{"rendered":"https:\/\/landofgod.online\/?post_type=product&#038;p=233"},"modified":"2023-06-19T03:36:59","modified_gmt":"2023-06-19T03:36:59","slug":"mortification-scribe-of-the-pentateuch","status":"publish","type":"product","link":"https:\/\/landofgod.online\/index.php\/producto\/mortification-scribe-of-the-pentateuch\/","title":{"rendered":"Mortification &#8211; Scribe Of The Pentateuch"},"content":{"rendered":"<p><strong>Artista:<\/strong> Mortification<br \/>\n<strong>\u00c1lbum:<\/strong> Scribe Of The Pentateuch<br \/>\n<strong>G\u00e9nero:<\/strong> Thrash Metal<br \/>\n<strong>Pa\u00eds:<\/strong> Australia<br \/>\n<strong>Productora:<\/strong> Soundmass<br \/>\n<strong>A\u00f1o:<\/strong> 2002\/2013<\/p>\n<p><strong>Track List:<\/strong><\/p>\n<p>Extradiefor<br \/>\nScribe Of The Pentateuch<br \/>\nThe Jaws Of Life<br \/>\nIn Garland Hall<br \/>\nWeapons Of Mass Salvation<br \/>\nThe White Death<\/p>\n<p>Bonus Tracks<br \/>\nLive At EasterFest 2013<br \/>\nExtradiefor<br \/>\nHammer Of God<br \/>\nScribe Of The Pentateuch<br \/>\nThe Jaws Of Life<br \/>\nBlood Sacrifice<br \/>\nThe Destroyer Beholds<br \/>\nScrolls Of The Megilloth<br \/>\nGod Rulz<br \/>\nJ.G.S.H.<\/p>\n<p><iframe loading=\"lazy\" title=\"Extradiefor\" width=\"1080\" height=\"810\" src=\"https:\/\/www.youtube.com\/embed\/qNPbkC_Ke_g?list=OLAK5uy_mmb1VldmGD5TupPl_QzHBPtu8rdsi0h-k\"  allow=\"accelerometer; autoplay; clipboard-write; encrypted-media; gyroscope; picture-in-picture; web-share\" allowfullscreen><\/iframe><\/p>\n","protected":false},"excerpt":{"rendered":"<p>Scribe Of The Pentateuch<\/p>\n<p>Es el \u00e1lbum 15 de la legendaria agrupaci\u00f3n Mortification, en este trabajo podemos encontrar estilos como el Thrash y Death Metal, con la energ\u00eda que caracteriza a la banda.<\/p>\n<p>El lanzamiento del disco fue en el 2012 por Rowe Productions, y un a\u00f1o despu\u00e9s Soundmass lanz\u00f3 esta reedici\u00f3n que incluye 8 bous track que corresponden al EasterFest de 2013.<\/p>\n<hr \/>\n<p style=\"text-align: right;\"><em><strong>Links Oficiales <\/strong><\/em> <a href=\"https:\/\/www.facebook.com\/mortification777\" target=\"_blank\" rel=\"noopener noreferrer\"><img loading=\"lazy\" decoding=\"async\" class=\"alignnone wp-image-58210\" src=\"https:\/\/landofgod.online\/wp-content\/uploads\/2023\/05\/f_logo_RGB-Blue_1024-300x300.png\" alt=\"\" width=\"32\" height=\"32\" \/><\/a><a href=\"https:\/\/www.youtube.com\/@Mortification2010\" target=\"_blank\" rel=\"noopener noreferrer\"><img loading=\"lazy\" decoding=\"async\" class=\"alignnone wp-image-58212\" src=\"https:\/\/landofgod.online\/wp-content\/uploads\/2023\/05\/youtube_social_circle_red-300x300.png\" alt=\"\" width=\"32\" height=\"32\" \/><\/a><em><strong><a href=\"https:\/\/open.spotify.com\/album\/68k5QT1VQ4n6j9a1WaIfxc?si=RdgMSy2ERXSFwZeOzccTow\" target=\"_blank\" rel=\"noopener noreferrer\"><img loading=\"lazy\" decoding=\"async\" class=\"alignnone wp-image-58214\" src=\"https:\/\/landofgod.online\/wp-content\/uploads\/2023\/05\/Spotify_Icon_RGB_Green-300x300.png\" alt=\"\" width=\"32\" height=\"32\" \/><\/a><\/strong><\/em><\/p>\n","protected":false},"featured_media":240,"comment_status":"open","ping_status":"closed","template":"","meta":{"_et_pb_use_builder":"","_et_pb_old_content":"","_et_gb_content_width":"","_joinchat":[]},"product_brand":[],"product_cat":[33,40,56,39],"product_tag":[],"class_list":{"0":"post-233","1":"product","2":"type-product","3":"status-publish","4":"has-post-thumbnail","6":"product_cat-death-metal","7":"product_cat-mortification","8":"product_cat-soundmass","9":"product_cat-thrash-metal","11":"first","12":"instock","13":"taxable","14":"shipping-taxable","15":"purchasable","16":"product-type-simple"},"jetpack_sharing_enabled":true,"_links":{"self":[{"href":"https:\/\/landofgod.online\/index.php\/wp-json\/wp\/v2\/product\/233","targetHints":{"allow":["GET"]}}],"collection":[{"href":"https:\/\/landofgod.online\/index.php\/wp-json\/wp\/v2\/product"}],"about":[{"href":"https:\/\/landofgod.online\/index.php\/wp-json\/wp\/v2\/types\/product"}],"replies":[{"embeddable":true,"href":"https:\/\/landofgod.online\/index.php\/wp-json\/wp\/v2\/comments?post=233"}],"wp:featuredmedia":[{"embeddable":true,"href":"https:\/\/landofgod.online\/index.php\/wp-json\/wp\/v2\/media\/240"}],"wp:attachment":[{"href":"https:\/\/landofgod.online\/index.php\/wp-json\/wp\/v2\/media?parent=233"}],"wp:term":[{"taxonomy":"product_brand","embeddable":true,"href":"https:\/\/landofgod.online\/index.php\/wp-json\/wp\/v2\/product_brand?post=233"},{"taxonomy":"product_cat","embeddable":true,"href":"https:\/\/landofgod.online\/index.php\/wp-json\/wp\/v2\/product_cat?post=233"},{"taxonomy":"product_tag","embeddable":true,"href":"https:\/\/landofgod.online\/index.php\/wp-json\/wp\/v2\/product_tag?post=233"}],"curies":[{"name":"wp","href":"https:\/\/api.w.org\/{rel}","templated":true}]}}