{"id":58069,"date":"2023-05-19T04:48:38","date_gmt":"2023-05-19T04:48:38","guid":{"rendered":"https:\/\/landofgod.online\/?post_type=product&#038;p=58069"},"modified":"2023-06-19T02:47:22","modified_gmt":"2023-06-19T02:47:22","slug":"anima-mortuum-goat-destruction","status":"publish","type":"product","link":"https:\/\/landofgod.online\/index.php\/producto\/anima-mortuum-goat-destruction\/","title":{"rendered":"Anima Mortuum &#8211; Goat Destruction"},"content":{"rendered":"<p><strong>Artista:<\/strong> Anima Mortuum<br \/>\n<strong>\u00c1lbum:<\/strong> Goat Destruction<br \/>\n<strong>G\u00e9nero:<\/strong> Black Metal<br \/>\n<strong>Pa\u00eds:<\/strong> Chile<br \/>\n<strong>Productora:<\/strong> Vision of God<br \/>\n<strong>A\u00f1o:<\/strong> 2019<\/p>\n<p><strong>Track List:<\/strong><\/p>\n<p>1. Goat Destruction (Intro)<br \/>\n2. United In Resistance<br \/>\n3. Soul Sacrifice<br \/>\n4. Cryptic Rotten Curse<br \/>\n5. Legions of Hellish Torture<br \/>\n6. Defeated (Interlude)<br \/>\n7. A Drink From The Chalice<br \/>\n8. Blasphemous In The Satanic Rite<br \/>\n9. Into The Day Of The Armageddon<\/p>\n<p><iframe loading=\"lazy\" title=\"Goat Destruction (Intro)\" width=\"1080\" height=\"810\" src=\"https:\/\/www.youtube.com\/embed\/O5WbzmCZ_vI?list=OLAK5uy_nLyygH0gIpzzaAArYGJBYJI7Iqak7ecgA\"  allow=\"accelerometer; autoplay; clipboard-write; encrypted-media; gyroscope; picture-in-picture; web-share\" allowfullscreen><\/iframe><\/p>\n","protected":false},"excerpt":{"rendered":"<p>Goat Destruction<\/p>\n<p>Es el segundo \u00e1lbum de la banda chilena Anima Mortuum (Alma Muerta). Anima Mortuum naci\u00f3 en el a\u00f1o 2003 bajo en nombre Anima di Mortecinamente y en el 2013 cambi\u00f3 su nombre a Anima Mortuum. El estilo de este trabajo es Black Metal a la vieja escuela y nos presenta 9 con letras que enfocan temas sociales y nos presenta la fe de los miembros de la banda.<\/p>\n<hr \/>\n<p style=\"text-align: right;\"><em><strong>Links Oficiales <\/strong><\/em> <a href=\"https:\/\/www.facebook.com\/AnimaMortuum\" target=\"_blank\" rel=\"noopener noreferrer\"><img loading=\"lazy\" decoding=\"async\" class=\"alignnone wp-image-58210\" src=\"https:\/\/landofgod.online\/wp-content\/uploads\/2023\/05\/f_logo_RGB-Blue_1024-300x300.png\" alt=\"\" width=\"32\" height=\"32\" \/><\/a><a href=\"https:\/\/animamortuum.bandcamp.com\" target=\"_blank\" rel=\"noopener noreferrer\"><img loading=\"lazy\" decoding=\"async\" class=\"alignnone wp-image-58207\" src=\"https:\/\/landofgod.online\/wp-content\/uploads\/2023\/05\/bandcamp-button-bc-circle-aqua-512-150x150.png\" alt=\"bandcamp\" width=\"32\" height=\"32\" \/><\/a><em><strong><a href=\"https:\/\/open.spotify.com\/album\/1o0ahs9rRGAdKNR1gIBJFz?si=doyKCS5SS5eQ3Buk6sxjlg\" target=\"_blank\" rel=\"noopener noreferrer\"><img loading=\"lazy\" decoding=\"async\" class=\"alignnone wp-image-58214\" src=\"https:\/\/landofgod.online\/wp-content\/uploads\/2023\/05\/Spotify_Icon_RGB_Green-300x300.png\" alt=\"\" width=\"32\" height=\"32\" \/><\/a><\/strong><\/em><\/p>\n","protected":false},"featured_media":58068,"comment_status":"open","ping_status":"closed","template":"","meta":{"_et_pb_use_builder":"","_et_pb_old_content":"","_et_gb_content_width":"","_joinchat":[]},"product_brand":[],"product_cat":[43,28,55],"product_tag":[],"class_list":{"0":"post-58069","1":"product","2":"type-product","3":"status-publish","4":"has-post-thumbnail","6":"product_cat-anima-mortuum","7":"product_cat-black-metal-genero","8":"product_cat-vision-of-god-records","10":"first","11":"instock","12":"shipping-taxable","13":"purchasable","14":"product-type-simple"},"jetpack_sharing_enabled":true,"_links":{"self":[{"href":"https:\/\/landofgod.online\/index.php\/wp-json\/wp\/v2\/product\/58069","targetHints":{"allow":["GET"]}}],"collection":[{"href":"https:\/\/landofgod.online\/index.php\/wp-json\/wp\/v2\/product"}],"about":[{"href":"https:\/\/landofgod.online\/index.php\/wp-json\/wp\/v2\/types\/product"}],"replies":[{"embeddable":true,"href":"https:\/\/landofgod.online\/index.php\/wp-json\/wp\/v2\/comments?post=58069"}],"wp:featuredmedia":[{"embeddable":true,"href":"https:\/\/landofgod.online\/index.php\/wp-json\/wp\/v2\/media\/58068"}],"wp:attachment":[{"href":"https:\/\/landofgod.online\/index.php\/wp-json\/wp\/v2\/media?parent=58069"}],"wp:term":[{"taxonomy":"product_brand","embeddable":true,"href":"https:\/\/landofgod.online\/index.php\/wp-json\/wp\/v2\/product_brand?post=58069"},{"taxonomy":"product_cat","embeddable":true,"href":"https:\/\/landofgod.online\/index.php\/wp-json\/wp\/v2\/product_cat?post=58069"},{"taxonomy":"product_tag","embeddable":true,"href":"https:\/\/landofgod.online\/index.php\/wp-json\/wp\/v2\/product_tag?post=58069"}],"curies":[{"name":"wp","href":"https:\/\/api.w.org\/{rel}","templated":true}]}}