{"id":58072,"date":"2023-05-19T04:57:52","date_gmt":"2023-05-19T04:57:52","guid":{"rendered":"https:\/\/landofgod.online\/?post_type=product&#038;p=58072"},"modified":"2023-06-19T03:38:47","modified_gmt":"2023-06-19T03:38:47","slug":"antidemon-satanichaos","status":"publish","type":"product","link":"https:\/\/landofgod.online\/index.php\/producto\/antidemon-satanichaos\/","title":{"rendered":"Antidemon &#8211; Satanichaos"},"content":{"rendered":"<p><strong>Artista:<\/strong> Antidemon<br \/>\n<strong>\u00c1lbum:<\/strong> Satanichaos<br \/>\n<strong>G\u00e9nero:<\/strong> Death Metal\/Grindcore<br \/>\n<strong>Pa\u00eds:<\/strong> Brasil<br \/>\n<strong>Productora:<\/strong> Vision of God<br \/>\n<strong>A\u00f1o:<\/strong> 2009\/2018<\/p>\n<p><strong>Track List:<\/strong><\/p>\n<p>1. Satanichaos<br \/>\n2. Contra O Inferno (Against Hell)<br \/>\n3. O Que Era Ruim Ficou Pior (What Was Bad Is Now Worse)<br \/>\n4. Sat\u00e3n Derrotado (Satan Defeated)<br \/>\n5. Justi\u00e7a (Righteousness)<br \/>\n6. Abismo Chama Abismo (Deep Calls Unto Deep)<br \/>\n7. Maldito Lucifer (Cursed Is Lucifer)<br \/>\n8. Assombro (Terror)<br \/>\n9. Mascarados Pela Mentira (Masked In Lies)<br \/>\n10. Ataque Satan\u00e1s (Attack Satan)<br \/>\n11. Pelo Sangue (By The Blood)<br \/>\n12. Em Quem Vou Acreditar? (Who Am I Going To Believe In?)<br \/>\n13. Mestre De Ilus\u00f5es (Master Of Deception)<br \/>\n14. Dia De Vingan\u00e7a (Day Of Vengeance)<br \/>\n15. Veredicto (Verdict)<br \/>\n16. Den\u00fancia (Disclose)<br \/>\n17. Transtornar (Change)<br \/>\n18. Pesadelo (Nightmare)<br \/>\n19. Est\u00e1 Consumado (It\u2019s Finished)<\/p>\n<p>Confinamento Eterno demo (bonus)<\/p>\n<p>20. Confinamento<br \/>\n21. Liberta\u00e7\u00e3o<br \/>\n22. A\u00e7oite<br \/>\n23. Massacre<br \/>\n24. Terminada Maldi\u00e7\u00e3o<br \/>\n25. Apodrecida<\/p>\n<p><iframe loading=\"lazy\" title=\"01 - Antidemon - Satanichaos\" width=\"1080\" height=\"810\" src=\"https:\/\/www.youtube.com\/embed\/DOe1lr5mPZg?list=PLF35BF3C988A9DDFC\"  allow=\"accelerometer; autoplay; clipboard-write; encrypted-media; gyroscope; picture-in-picture; web-share\" allowfullscreen><\/iframe><\/p>\n","protected":false},"excerpt":{"rendered":"<p>Satanichaos<br \/>\nTercer \u00e1lbum de la banda Brasile\u00f1a Antidemon, lanzando en el a\u00f1o 2009 con un sonido extremo y agresivo que consolida el estilo de la banda, este disco abri\u00f3 las puerta a Antidemon a nivel mundial y llamo la atenci\u00f3n de Steve Rowe (Mortification) que los invit\u00f3 a grabar en su productora.<br \/>\nEn esta reedici\u00f3n de Vision of God se incluye canciones del Confinamento Eterno demo, es un trabajo muy recomendado.<\/p>\n<hr \/>\n<p style=\"text-align: right;\"><em><strong>Links Oficiales <\/strong><\/em> <a href=\"https:\/\/www.facebook.com\/ANTIDEMON.OFFICIAL\" target=\"_blank\" rel=\"noopener noreferrer\"><img loading=\"lazy\" decoding=\"async\" class=\"alignnone wp-image-58210\" src=\"https:\/\/landofgod.online\/wp-content\/uploads\/2023\/05\/f_logo_RGB-Blue_1024-300x300.png\" alt=\"\" width=\"32\" height=\"32\" \/><\/a><a href=\"https:\/\/visionofgodrecords.bandcamp.com\/album\/satanichaos\" target=\"_blank\" rel=\"noopener noreferrer\"><img loading=\"lazy\" decoding=\"async\" class=\"alignnone wp-image-58207\" src=\"https:\/\/landofgod.online\/wp-content\/uploads\/2023\/05\/bandcamp-button-bc-circle-aqua-512-150x150.png\" alt=\"bandcamp\" width=\"32\" height=\"32\" \/><\/a><a href=\"https:\/\/www.youtube.com\/@ANTIDEMONCHANNEL\" target=\"_blank\" rel=\"noopener noreferrer\"><img loading=\"lazy\" decoding=\"async\" class=\"alignnone wp-image-58212\" src=\"https:\/\/landofgod.online\/wp-content\/uploads\/2023\/05\/youtube_social_circle_red-300x300.png\" alt=\"\" width=\"32\" height=\"32\" \/><\/a><em><strong><a href=\"https:\/\/open.spotify.com\/album\/6dv53mTaeG80VR90HnQJQc?si=ePA6FK_WSWGo0CgwNAyyDA\" target=\"_blank\" rel=\"noopener noreferrer\"><img loading=\"lazy\" decoding=\"async\" class=\"alignnone wp-image-58214\" src=\"https:\/\/landofgod.online\/wp-content\/uploads\/2023\/05\/Spotify_Icon_RGB_Green-300x300.png\" alt=\"\" width=\"32\" height=\"32\" \/><\/a><\/strong><\/em><\/p>\n","protected":false},"featured_media":58065,"comment_status":"open","ping_status":"closed","template":"","meta":{"_et_pb_use_builder":"","_et_pb_old_content":"","_et_gb_content_width":"","_joinchat":[]},"product_brand":[],"product_cat":[44,33,55],"product_tag":[],"class_list":{"0":"post-58072","1":"product","2":"type-product","3":"status-publish","4":"has-post-thumbnail","6":"product_cat-antidemon","7":"product_cat-death-metal","8":"product_cat-vision-of-god-records","10":"first","11":"instock","12":"taxable","13":"shipping-taxable","14":"purchasable","15":"product-type-simple"},"jetpack_sharing_enabled":true,"_links":{"self":[{"href":"https:\/\/landofgod.online\/index.php\/wp-json\/wp\/v2\/product\/58072","targetHints":{"allow":["GET"]}}],"collection":[{"href":"https:\/\/landofgod.online\/index.php\/wp-json\/wp\/v2\/product"}],"about":[{"href":"https:\/\/landofgod.online\/index.php\/wp-json\/wp\/v2\/types\/product"}],"replies":[{"embeddable":true,"href":"https:\/\/landofgod.online\/index.php\/wp-json\/wp\/v2\/comments?post=58072"}],"wp:featuredmedia":[{"embeddable":true,"href":"https:\/\/landofgod.online\/index.php\/wp-json\/wp\/v2\/media\/58065"}],"wp:attachment":[{"href":"https:\/\/landofgod.online\/index.php\/wp-json\/wp\/v2\/media?parent=58072"}],"wp:term":[{"taxonomy":"product_brand","embeddable":true,"href":"https:\/\/landofgod.online\/index.php\/wp-json\/wp\/v2\/product_brand?post=58072"},{"taxonomy":"product_cat","embeddable":true,"href":"https:\/\/landofgod.online\/index.php\/wp-json\/wp\/v2\/product_cat?post=58072"},{"taxonomy":"product_tag","embeddable":true,"href":"https:\/\/landofgod.online\/index.php\/wp-json\/wp\/v2\/product_tag?post=58072"}],"curies":[{"name":"wp","href":"https:\/\/api.w.org\/{rel}","templated":true}]}}