{"id":58082,"date":"2023-05-23T00:09:34","date_gmt":"2023-05-23T00:09:34","guid":{"rendered":"https:\/\/landofgod.online\/?post_type=product&#038;p=58082"},"modified":"2023-06-19T03:40:55","modified_gmt":"2023-06-19T03:40:55","slug":"mortification-brain-cleaner","status":"publish","type":"product","link":"https:\/\/landofgod.online\/index.php\/producto\/mortification-brain-cleaner\/","title":{"rendered":"Mortification &#8211; Brain Cleaner"},"content":{"rendered":"<p><strong>Artista:<\/strong> Mortification<br \/>\n<strong>\u00c1lbum:<\/strong> Brain Cleaner<br \/>\n<strong>G\u00e9nero:<\/strong> Thrash Metal<br \/>\n<strong>Pa\u00eds:<\/strong> Australia<br \/>\n<strong>Productora:<\/strong> Soundmass<br \/>\n<strong>A\u00f1o:<\/strong> 2004\/2013<\/p>\n<p><strong>Track List:<\/strong><\/p>\n<p>1. Boaconstrictor<br \/>\n2. Too Much Pain<br \/>\n3. Purest Intent<br \/>\n4. Free As a Bird<br \/>\n5. Brain Cleaner<br \/>\n6. I\u2019m Not Your Commodity<br \/>\n7. The Flu Virus<br \/>\n8. Livin\u2019 Like a Zombie<br \/>\n9. 12 Men<br \/>\n10. Louder Than The Devil<br \/>\n11. E.D.<\/p>\n<p>Bonus Tracks<br \/>\n12. Grind Planetarium (Live 2004)<br \/>\n13. Medley (Live 2004)<br \/>\n14. Too Much Pain (Live 2004)<br \/>\n15. Standing At The Door Of Death (Live 2004)<br \/>\n16. Spoken Word (Live 2004)<br \/>\n17. 12 Men (Live 2004)<br \/>\n18. Scrolls Of The Megilloth (Live 2004)<\/p>\n<p><iframe loading=\"lazy\" title=\"Boaconstrictor\" width=\"1080\" height=\"810\" src=\"https:\/\/www.youtube.com\/embed\/pbkRyQiak6o?list=OLAK5uy_nT42rPKaKg8E8ImjFzjhp2YC_9109r5jc\"  allow=\"accelerometer; autoplay; clipboard-write; encrypted-media; gyroscope; picture-in-picture; web-share\" allowfullscreen><\/iframe><\/p>\n","protected":false},"excerpt":{"rendered":"<p>Brain Cleaner<br \/>\nEs el \u00e1lbum 11 de la legendaria banda australiana.<\/p>\n<p>El lanzamiento del disco fue en el 2004 por Rowe Productions. Soundmass lanz\u00f3 esta reedici\u00f3n en el 2013 con 7 bonus tracks del Revolution Metal Fest 2004 en M\u00e9xico.<\/p>\n<hr \/>\n<p style=\"text-align: right;\"><em><strong>Links Oficiales <\/strong><\/em> <a href=\"https:\/\/www.facebook.com\/mortification777\" target=\"_blank\" rel=\"noopener noreferrer\"><img loading=\"lazy\" decoding=\"async\" class=\"alignnone wp-image-58210\" src=\"https:\/\/landofgod.online\/wp-content\/uploads\/2023\/05\/f_logo_RGB-Blue_1024-300x300.png\" alt=\"\" width=\"32\" height=\"32\" \/><\/a><a href=\"https:\/\/www.youtube.com\/@Mortification2010\" target=\"_blank\" rel=\"noopener noreferrer\"><img loading=\"lazy\" decoding=\"async\" class=\"alignnone wp-image-58212\" src=\"https:\/\/landofgod.online\/wp-content\/uploads\/2023\/05\/youtube_social_circle_red-300x300.png\" alt=\"\" width=\"32\" height=\"32\" \/><\/a><em><strong><a href=\"https:\/\/open.spotify.com\/album\/79wd9vXQwvFDtiEoJT5Iy4?si=XjUWpaOBSTewDUjHJFR-ig\" target=\"_blank\" rel=\"noopener noreferrer\"><img loading=\"lazy\" decoding=\"async\" class=\"alignnone wp-image-58214\" src=\"https:\/\/landofgod.online\/wp-content\/uploads\/2023\/05\/Spotify_Icon_RGB_Green-300x300.png\" alt=\"\" width=\"32\" height=\"32\" \/><\/a><\/strong><\/em><\/p>\n","protected":false},"featured_media":58081,"comment_status":"open","ping_status":"closed","template":"","meta":{"_et_pb_use_builder":"","_et_pb_old_content":"","_et_gb_content_width":"","_joinchat":[]},"product_brand":[],"product_cat":[40,56,39],"product_tag":[],"class_list":{"0":"post-58082","1":"product","2":"type-product","3":"status-publish","4":"has-post-thumbnail","6":"product_cat-mortification","7":"product_cat-soundmass","8":"product_cat-thrash-metal","10":"first","11":"instock","12":"taxable","13":"shipping-taxable","14":"purchasable","15":"product-type-simple"},"jetpack_sharing_enabled":true,"_links":{"self":[{"href":"https:\/\/landofgod.online\/index.php\/wp-json\/wp\/v2\/product\/58082","targetHints":{"allow":["GET"]}}],"collection":[{"href":"https:\/\/landofgod.online\/index.php\/wp-json\/wp\/v2\/product"}],"about":[{"href":"https:\/\/landofgod.online\/index.php\/wp-json\/wp\/v2\/types\/product"}],"replies":[{"embeddable":true,"href":"https:\/\/landofgod.online\/index.php\/wp-json\/wp\/v2\/comments?post=58082"}],"wp:featuredmedia":[{"embeddable":true,"href":"https:\/\/landofgod.online\/index.php\/wp-json\/wp\/v2\/media\/58081"}],"wp:attachment":[{"href":"https:\/\/landofgod.online\/index.php\/wp-json\/wp\/v2\/media?parent=58082"}],"wp:term":[{"taxonomy":"product_brand","embeddable":true,"href":"https:\/\/landofgod.online\/index.php\/wp-json\/wp\/v2\/product_brand?post=58082"},{"taxonomy":"product_cat","embeddable":true,"href":"https:\/\/landofgod.online\/index.php\/wp-json\/wp\/v2\/product_cat?post=58082"},{"taxonomy":"product_tag","embeddable":true,"href":"https:\/\/landofgod.online\/index.php\/wp-json\/wp\/v2\/product_tag?post=58082"}],"curies":[{"name":"wp","href":"https:\/\/api.w.org\/{rel}","templated":true}]}}