{"id":58136,"date":"2023-06-07T04:03:27","date_gmt":"2023-06-07T04:03:27","guid":{"rendered":"https:\/\/landofgod.online\/?post_type=product&#038;p=58136"},"modified":"2023-06-19T02:46:47","modified_gmt":"2023-06-19T02:46:47","slug":"vials-of-wrath-seeking-refuge","status":"publish","type":"product","link":"https:\/\/landofgod.online\/index.php\/producto\/vials-of-wrath-seeking-refuge\/","title":{"rendered":"Vials of Wrath &#8211; Seeking Refuge"},"content":{"rendered":"<p><strong>Artista:<\/strong> Vials of Wrath<br \/>\n<strong>\u00c1lbum:<\/strong> Seeking Refuge<br \/>\n<strong>G\u00e9nero:<\/strong> Black Metal<br \/>\n<strong>Pa\u00eds:<\/strong> Estado Unidos<br \/>\n<strong>A\u00f1o Grabaci\u00f3n:<\/strong> 2013<br \/>\n<strong>Productora:<\/strong> Vision of God<br \/>\n<strong>A\u00f1o Reedici\u00f3n:<\/strong> 2020<br \/>\n<strong>Formato:<\/strong> Vinyl<\/p>\n<p><strong>Track List:<\/strong><\/p>\n<p>Side A<br \/>\n1. A Greater Calling<br \/>\n2. To Walk Upon The Heights<br \/>\n3. Contemplating Creation<br \/>\n4. The Ways of Old (Bonus from 7\u2033)<\/p>\n<p>SIDE B:<br \/>\n5. The Beginning of Sorrows<br \/>\n6. In Sackcloth and Ashes<br \/>\n7. Alone in the Wilderness<br \/>\n8. All Thats left in the Shade (Bonus from 7\u2033)<\/p>\n<p><iframe loading=\"lazy\" title=\"A Greater Calling\" width=\"1080\" height=\"810\" src=\"https:\/\/www.youtube.com\/embed\/5PIowjzQD5I?feature=oembed\"  allow=\"accelerometer; autoplay; clipboard-write; encrypted-media; gyroscope; picture-in-picture; web-share\" allowfullscreen><\/iframe><\/p>\n","protected":false},"excerpt":{"rendered":"<p>Seeking Refuge<br \/>\nEs el primer \u00e1lbum de larga duraci\u00f3n de este proyecto, fue grabado en el 2013 y su estilo es Black Metal Ambiental. Un \u00e1lbum que debe ser disfrutado en tranquilidad, para analizar la mezcla de sonidos, los cambios en el ritmo de las canciones y el mensaje que el disco nos transmite llevando el centro de atenci\u00f3n al creador.<\/p>\n<hr \/>\n<p style=\"text-align: right;\"><em><strong>Links Oficiales <\/strong><\/em><a href=\"https:\/\/www.facebook.com\/VialsOfWrath\" target=\"_blank\" rel=\"noopener noreferrer\"><img loading=\"lazy\" decoding=\"async\" class=\"alignnone wp-image-58210\" src=\"https:\/\/landofgod.online\/wp-content\/uploads\/2023\/05\/f_logo_RGB-Blue_1024-300x300.png\" alt=\"\" width=\"32\" height=\"32\" \/><\/a><a href=\"https:\/\/vialsofwrath.bandcamp.com\" target=\"_blank\" rel=\"noopener noreferrer\"><img loading=\"lazy\" decoding=\"async\" class=\"alignnone wp-image-58207\" src=\"https:\/\/landofgod.online\/wp-content\/uploads\/2023\/05\/bandcamp-button-bc-circle-aqua-512-150x150.png\" alt=\"bandcamp\" width=\"32\" height=\"32\" \/><\/a><em><strong><a href=\"https:\/\/open.spotify.com\/album\/6UHAvphml5y6rm2xWkneVP?si=7hc2qAS0Ti-KEAkxDlDrOw\" target=\"_blank\" rel=\"noopener noreferrer\"><img loading=\"lazy\" decoding=\"async\" class=\"alignnone wp-image-58214\" src=\"https:\/\/landofgod.online\/wp-content\/uploads\/2023\/05\/Spotify_Icon_RGB_Green-300x300.png\" alt=\"\" width=\"32\" height=\"32\" \/><\/a><\/strong><\/em><\/p>\n","protected":false},"featured_media":58137,"comment_status":"open","ping_status":"closed","template":"","meta":{"_et_pb_use_builder":"","_et_pb_old_content":"","_et_gb_content_width":"","_joinchat":[]},"product_brand":[],"product_cat":[28,50,55],"product_tag":[],"class_list":{"0":"post-58136","1":"product","2":"type-product","3":"status-publish","4":"has-post-thumbnail","6":"product_cat-black-metal-genero","7":"product_cat-vials-of-wrath","8":"product_cat-vision-of-god-records","10":"first","11":"instock","12":"taxable","13":"shipping-taxable","14":"purchasable","15":"product-type-simple"},"jetpack_sharing_enabled":true,"_links":{"self":[{"href":"https:\/\/landofgod.online\/index.php\/wp-json\/wp\/v2\/product\/58136","targetHints":{"allow":["GET"]}}],"collection":[{"href":"https:\/\/landofgod.online\/index.php\/wp-json\/wp\/v2\/product"}],"about":[{"href":"https:\/\/landofgod.online\/index.php\/wp-json\/wp\/v2\/types\/product"}],"replies":[{"embeddable":true,"href":"https:\/\/landofgod.online\/index.php\/wp-json\/wp\/v2\/comments?post=58136"}],"wp:featuredmedia":[{"embeddable":true,"href":"https:\/\/landofgod.online\/index.php\/wp-json\/wp\/v2\/media\/58137"}],"wp:attachment":[{"href":"https:\/\/landofgod.online\/index.php\/wp-json\/wp\/v2\/media?parent=58136"}],"wp:term":[{"taxonomy":"product_brand","embeddable":true,"href":"https:\/\/landofgod.online\/index.php\/wp-json\/wp\/v2\/product_brand?post=58136"},{"taxonomy":"product_cat","embeddable":true,"href":"https:\/\/landofgod.online\/index.php\/wp-json\/wp\/v2\/product_cat?post=58136"},{"taxonomy":"product_tag","embeddable":true,"href":"https:\/\/landofgod.online\/index.php\/wp-json\/wp\/v2\/product_tag?post=58136"}],"curies":[{"name":"wp","href":"https:\/\/api.w.org\/{rel}","templated":true}]}}