{"id":58165,"date":"2023-06-11T04:30:51","date_gmt":"2023-06-11T04:30:51","guid":{"rendered":"https:\/\/landofgod.online\/?post_type=product&#038;p=58165"},"modified":"2023-06-19T02:57:19","modified_gmt":"2023-06-19T02:57:19","slug":"holy-blood-the-patriot","status":"publish","type":"product","link":"https:\/\/landofgod.online\/index.php\/producto\/holy-blood-the-patriot\/","title":{"rendered":"Holy Blood &#8211; The Patriot 15th Year Anniversary Edition"},"content":{"rendered":"<p><strong>Artista:<\/strong> Holy Blood<br \/>\n<strong>\u00c1lbum:<\/strong> The Patriot 15th Year Anniversary Edition<br \/>\n<strong>G\u00e9nero:<\/strong> Black Metal<br \/>\n<strong>Pa\u00eds:<\/strong> Ucrania<br \/>\n<strong>A\u00f1o de Lanzamiento:<\/strong> 2008<br \/>\n<strong>Productora:<\/strong> Vision of God Records<br \/>\n<strong>A\u00f1o de Reedici\u00f3n:<\/strong> 2023<br \/>\n<strong>Formato:<\/strong> CD<br \/>\n<strong>Tipo:<\/strong> Jewel case<\/p>\n<p><strong>Track List:<\/strong><\/p>\n<p>Remasterizado 2023<br \/>\n1. In the Night Gloom<br \/>\n2. War for Human Souls<br \/>\n3. The Patriot<br \/>\n4. Wind of Death<br \/>\n5. Thirst to Live in Freedom<br \/>\n6. Well Tried Faith<br \/>\n7. Blood of Christ<br \/>\n8. Meeting the Sunrise<br \/>\n9. Wind of Death (Remix)<\/p>\n<p>Original<br \/>\n1. In the Night Gloom<br \/>\n2. War for Human Souls<br \/>\n3. The Patriot<br \/>\n4. Wind of Death<br \/>\n5. Thirst to Live in Freedom<br \/>\n6. Well Tried Faith<br \/>\n7. Blood of Christ 05:34<br \/>\n8. Meeting the Sunrise<br \/>\n9. Wind of Death (Remix)<\/p>\n<p><iframe loading=\"lazy\" title=\"HOLY BLOOD - The Patriot\" width=\"1080\" height=\"810\" src=\"https:\/\/www.youtube.com\/embed\/xoI_IcDUNJA?feature=oembed\"  allow=\"accelerometer; autoplay; clipboard-write; encrypted-media; gyroscope; picture-in-picture; web-share\" allowfullscreen><\/iframe><\/p>\n","protected":false},"excerpt":{"rendered":"<p>The Patriot<br \/>\nTercer disco de la banda ucraniana Holy Blood, que mantiene su estilo Folk Metal, con elementos de Death y Black Metal. Las letras de este disco nos hablan acerca de la espiritual que tenemos, la opci\u00f3n de escoger entre la vida o la muerte y que en Cristo tenemos una esperanza de vida, perd\u00f3n y restauraci\u00f3n.<\/p>\n<hr \/>\n<p style=\"text-align: right;\"><em><strong>Links Oficiales <\/strong><\/em><a href=\"https:\/\/www.facebook.com\/HolyBloodofficial\" target=\"_blank\" rel=\"noopener noreferrer\"><img loading=\"lazy\" decoding=\"async\" class=\"alignnone wp-image-58210\" src=\"https:\/\/landofgod.online\/wp-content\/uploads\/2023\/05\/f_logo_RGB-Blue_1024-300x300.png\" alt=\"\" width=\"32\" height=\"32\" \/><\/a><a href=\"https:\/\/visionofgodrecords.bandcamp.com\/album\/the-patriot-15th-anniversary-edition\" target=\"_blank\" rel=\"noopener noreferrer\"><img loading=\"lazy\" decoding=\"async\" class=\"alignnone wp-image-58207\" src=\"https:\/\/landofgod.online\/wp-content\/uploads\/2023\/05\/bandcamp-button-bc-circle-aqua-512-150x150.png\" alt=\"bandcamp\" width=\"32\" height=\"32\" \/><\/a><a href=\"https:\/\/www.youtube.com\/@holybloodofficial8261\" target=\"_blank\" rel=\"noopener noreferrer\"><img loading=\"lazy\" decoding=\"async\" class=\"alignnone wp-image-58212\" src=\"https:\/\/landofgod.online\/wp-content\/uploads\/2023\/05\/youtube_social_circle_red-300x300.png\" alt=\"\" width=\"32\" height=\"32\" \/><\/a><em><strong><a href=\"https:\/\/open.spotify.com\/album\/0tw4CfVZWsHiiIDtFcKvjq?si=nzJbK__ITUqBvjhxKyRUxw\" target=\"_blank\" rel=\"noopener noreferrer\"><img loading=\"lazy\" decoding=\"async\" class=\"alignnone wp-image-58214\" src=\"https:\/\/landofgod.online\/wp-content\/uploads\/2023\/05\/Spotify_Icon_RGB_Green-300x300.png\" alt=\"\" width=\"32\" height=\"32\" \/><\/a><\/strong><\/em><\/p>\n","protected":false},"featured_media":58166,"comment_status":"open","ping_status":"closed","template":"","meta":{"_et_pb_use_builder":"","_et_pb_old_content":"","_et_gb_content_width":"","_joinchat":[]},"product_brand":[],"product_cat":[28,33,53,52,55],"product_tag":[],"class_list":{"0":"post-58165","1":"product","2":"type-product","3":"status-publish","4":"has-post-thumbnail","6":"product_cat-black-metal-genero","7":"product_cat-death-metal","8":"product_cat-folk-metal","9":"product_cat-holy-blood","10":"product_cat-vision-of-god-records","12":"first","13":"instock","14":"taxable","15":"shipping-taxable","16":"purchasable","17":"product-type-simple"},"jetpack_sharing_enabled":true,"_links":{"self":[{"href":"https:\/\/landofgod.online\/index.php\/wp-json\/wp\/v2\/product\/58165","targetHints":{"allow":["GET"]}}],"collection":[{"href":"https:\/\/landofgod.online\/index.php\/wp-json\/wp\/v2\/product"}],"about":[{"href":"https:\/\/landofgod.online\/index.php\/wp-json\/wp\/v2\/types\/product"}],"replies":[{"embeddable":true,"href":"https:\/\/landofgod.online\/index.php\/wp-json\/wp\/v2\/comments?post=58165"}],"wp:featuredmedia":[{"embeddable":true,"href":"https:\/\/landofgod.online\/index.php\/wp-json\/wp\/v2\/media\/58166"}],"wp:attachment":[{"href":"https:\/\/landofgod.online\/index.php\/wp-json\/wp\/v2\/media?parent=58165"}],"wp:term":[{"taxonomy":"product_brand","embeddable":true,"href":"https:\/\/landofgod.online\/index.php\/wp-json\/wp\/v2\/product_brand?post=58165"},{"taxonomy":"product_cat","embeddable":true,"href":"https:\/\/landofgod.online\/index.php\/wp-json\/wp\/v2\/product_cat?post=58165"},{"taxonomy":"product_tag","embeddable":true,"href":"https:\/\/landofgod.online\/index.php\/wp-json\/wp\/v2\/product_tag?post=58165"}],"curies":[{"name":"wp","href":"https:\/\/api.w.org\/{rel}","templated":true}]}}