{"id":58179,"date":"2023-06-13T03:42:07","date_gmt":"2023-06-13T03:42:07","guid":{"rendered":"https:\/\/landofgod.online\/?post_type=product&#038;p=58179"},"modified":"2023-06-19T03:03:35","modified_gmt":"2023-06-19T03:03:35","slug":"sacrificium-oblivion","status":"publish","type":"product","link":"https:\/\/landofgod.online\/index.php\/producto\/sacrificium-oblivion\/","title":{"rendered":"Sacrificium &#8211; Oblivion"},"content":{"rendered":"<p><strong>Artista:<\/strong> Sacrificium<br \/>\n<strong>\u00c1lbum:<\/strong> Oblivion<br \/>\n<strong>G\u00e9nero:<\/strong> Death Metal<br \/>\n<strong>Pa\u00eds:<\/strong> Alemania<br \/>\n<strong>A\u00f1o de Lanzamiento:<\/strong> 2023<br \/>\n<strong>Productora:<\/strong> Nordic Mission<br \/>\n<strong>Formato:<\/strong> CD<br \/>\n<strong>Tipo:<\/strong> Jewel case<\/p>\n<p><strong>Track List:<\/strong><\/p>\n<p>1. Annihilated<br \/>\n2. Martyrium<br \/>\n3. From Above<br \/>\n4. Born Guilty<br \/>\n5. Where All Prayers Fail<br \/>\n6. Eye for an Eye<br \/>\n7. Decadence Reigns<br \/>\n8. Cohorts of Oblivion<br \/>\n9. Death from Within<br \/>\n10. Written in My Scars<\/p>\n<p><iframe loading=\"lazy\" title=\"Sacrificium - Eye for an Eye (Official Lyric Video)\" width=\"1080\" height=\"608\" src=\"https:\/\/www.youtube.com\/embed\/wQbWfanz6gM?feature=oembed\"  allow=\"accelerometer; autoplay; clipboard-write; encrypted-media; gyroscope; picture-in-picture; web-share\" allowfullscreen><\/iframe><\/p>\n","protected":false},"excerpt":{"rendered":"<p>Oblivion<br \/>\nEs el cuarto disco de la m\u00edtica banda Alemana Sacrificium, fue lanzado 10 a\u00f1os despu\u00e9s de su tercer disco Prey for Your Gods. Oblivion es un disco que nos trae un death metal mel\u00f3dico, con riffs de guitarra r\u00e1pidos, con toque mel\u00f3dicos pero tambi\u00e9n partes que integran la fuerza del y brutalidad y lo t\u00e9cnico del death metal. Es un album que est\u00e1 hecho para una amplia audiencia, para aquellos que disfrutan de bandas como Black Dahlia Murder, Whitechapel, At The Gates, inclusive tiene un cierto toque a Amon Amarth en cuanto al apartado vocal y sus riffs de guitarras.<\/p>\n<hr \/>\n<p style=\"text-align: right;\"><em><strong>Links Oficiales <\/strong><\/em><a href=\"https:\/\/www.facebook.com\/SacrificiumOfficial\" target=\"_blank\" rel=\"noopener noreferrer\"><img loading=\"lazy\" decoding=\"async\" class=\"alignnone wp-image-58210\" src=\"https:\/\/landofgod.online\/wp-content\/uploads\/2023\/05\/f_logo_RGB-Blue_1024-300x300.png\" alt=\"\" width=\"32\" height=\"32\" \/><\/a><a href=\"https:\/\/nordicmission.bandcamp.com\/album\/oblivion\" target=\"_blank\" rel=\"noopener noreferrer\"><img loading=\"lazy\" decoding=\"async\" class=\"alignnone wp-image-58207\" src=\"https:\/\/landofgod.online\/wp-content\/uploads\/2023\/05\/bandcamp-button-bc-circle-aqua-512-150x150.png\" alt=\"bandcamp\" width=\"32\" height=\"32\" \/><\/a><a href=\"https:\/\/www.youtube.com\/watch?v=wQbWfanz6gM\" target=\"_blank\" rel=\"noopener noreferrer\"><img loading=\"lazy\" decoding=\"async\" class=\"alignnone wp-image-58212\" src=\"https:\/\/landofgod.online\/wp-content\/uploads\/2023\/05\/youtube_social_circle_red-300x300.png\" alt=\"\" width=\"32\" height=\"32\" \/><\/a><em><strong><a href=\"https:\/\/open.spotify.com\/artist\/4whrriP2MMhyeHpvYxnGo5?si=oZ0Pxez6SyK6VPAl6WAMDA\" target=\"_blank\" rel=\"noopener noreferrer\"><img loading=\"lazy\" decoding=\"async\" class=\"alignnone wp-image-58214\" src=\"https:\/\/landofgod.online\/wp-content\/uploads\/2023\/05\/Spotify_Icon_RGB_Green-300x300.png\" alt=\"\" width=\"32\" height=\"32\" \/><\/a><\/strong><\/em><\/p>\n","protected":false},"featured_media":58180,"comment_status":"open","ping_status":"closed","template":"","meta":{"_et_pb_use_builder":"","_et_pb_old_content":"","_et_gb_content_width":"","_joinchat":[]},"product_brand":[],"product_cat":[33,58,59],"product_tag":[],"class_list":{"0":"post-58179","1":"product","2":"type-product","3":"status-publish","4":"has-post-thumbnail","6":"product_cat-death-metal","7":"product_cat-nordic-mission","8":"product_cat-sacrificium","10":"first","11":"instock","12":"taxable","13":"shipping-taxable","14":"purchasable","15":"product-type-simple"},"jetpack_sharing_enabled":true,"_links":{"self":[{"href":"https:\/\/landofgod.online\/index.php\/wp-json\/wp\/v2\/product\/58179","targetHints":{"allow":["GET"]}}],"collection":[{"href":"https:\/\/landofgod.online\/index.php\/wp-json\/wp\/v2\/product"}],"about":[{"href":"https:\/\/landofgod.online\/index.php\/wp-json\/wp\/v2\/types\/product"}],"replies":[{"embeddable":true,"href":"https:\/\/landofgod.online\/index.php\/wp-json\/wp\/v2\/comments?post=58179"}],"wp:featuredmedia":[{"embeddable":true,"href":"https:\/\/landofgod.online\/index.php\/wp-json\/wp\/v2\/media\/58180"}],"wp:attachment":[{"href":"https:\/\/landofgod.online\/index.php\/wp-json\/wp\/v2\/media?parent=58179"}],"wp:term":[{"taxonomy":"product_brand","embeddable":true,"href":"https:\/\/landofgod.online\/index.php\/wp-json\/wp\/v2\/product_brand?post=58179"},{"taxonomy":"product_cat","embeddable":true,"href":"https:\/\/landofgod.online\/index.php\/wp-json\/wp\/v2\/product_cat?post=58179"},{"taxonomy":"product_tag","embeddable":true,"href":"https:\/\/landofgod.online\/index.php\/wp-json\/wp\/v2\/product_tag?post=58179"}],"curies":[{"name":"wp","href":"https:\/\/api.w.org\/{rel}","templated":true}]}}