{"id":58219,"date":"2023-06-20T03:30:32","date_gmt":"2023-06-20T03:30:32","guid":{"rendered":"https:\/\/landofgod.online\/?post_type=product&#038;p=58219"},"modified":"2023-06-20T03:48:57","modified_gmt":"2023-06-20T03:48:57","slug":"sacrom-sin-miedo","status":"publish","type":"product","link":"https:\/\/landofgod.online\/index.php\/producto\/sacrom-sin-miedo\/","title":{"rendered":"Sacrom &#8211; Sin Miedo"},"content":{"rendered":"<p><strong>Artista:<\/strong> Sacrom<br \/>\n<strong>\u00c1lbum:<\/strong> Sin Miedo<br \/>\n<strong>G\u00e9nero:<\/strong> Heavy Metal<br \/>\n<strong>Pa\u00eds:<\/strong> Per\u00fa<br \/>\n<strong>A\u00f1o de Lanzamiento:<\/strong> 2014<br \/>\n<strong>Formato:<\/strong> CD<br \/>\n<strong>Tipo:<\/strong> Digipack<\/p>\n<p><strong>Track List:<\/strong><\/p>\n<p>1. La Historia del Rey<br \/>\n2. La Gran Batalla<br \/>\n3. Digno Solo T\u00fa<br \/>\n4. \u00c9xodo<br \/>\n5. Reina<br \/>\n6. Sin Miedo<br \/>\n7. Tu amor<br \/>\n8. Cantares<br \/>\n9. Sentimientos<br \/>\n10. No te Dejar\u00e9<\/p>\n<p><iframe loading=\"lazy\" title=\"Cantares\" width=\"1080\" height=\"810\" src=\"https:\/\/www.youtube.com\/embed\/nKkmdIL8nl8?feature=oembed\"  allow=\"accelerometer; autoplay; clipboard-write; encrypted-media; gyroscope; picture-in-picture; web-share\" allowfullscreen><\/iframe><\/p>\n","protected":false},"excerpt":{"rendered":"<p>Sacrom banda peruana de heavy\/power metal formado en Octubre del 2001 en Lima, tiene el demo Victoria Eterna del 2003 y su disco de larga duraci\u00f3n Sin miedo que fue lanzado en el 2014 y que marc\u00f3 el regreso de la banda.<br \/>\nSacrom ha tocado en varios pa\u00edses de Am\u00e9rica Latina y una de sus participaciones m\u00e1s recientes fue en el Exodo Fest de Mexico del 2023, a todo lugar que van llevan el mensaje De Dios, un mensaje de esperanza y amor que ha tocada muchas vidas.<br \/>\nUna de las bandas m\u00e1s reconocidas a nivel de la escena Latinoamericana que dedican sus esfuerzo para ministrar y evangelizar en conciertos cristianos y no cristianos.<\/p>\n<hr \/>\n<p style=\"text-align: right;\"><em><strong>Links Oficiales <\/strong><\/em><a href=\"https:\/\/www.facebook.com\/SacromOficial?locale=es_LA\" target=\"_blank\" rel=\"noopener noreferrer\"><img loading=\"lazy\" decoding=\"async\" class=\"alignnone wp-image-58210\" src=\"https:\/\/landofgod.online\/wp-content\/uploads\/2023\/05\/f_logo_RGB-Blue_1024-300x300.png\" alt=\"\" width=\"32\" height=\"32\" \/><\/a><a href=\"https:\/\/www.youtube.com\/channel\/UCZgmCZ5RELVHhSYlALaOCWw\" target=\"_blank\" rel=\"noopener noreferrer\"><img loading=\"lazy\" decoding=\"async\" class=\"alignnone wp-image-58212\" src=\"https:\/\/landofgod.online\/wp-content\/uploads\/2023\/05\/youtube_social_circle_red-300x300.png\" alt=\"\" width=\"32\" height=\"32\" \/><\/a><em><strong><a href=\"https:\/\/open.spotify.com\/album\/5BNwP5ikMhF7jfafHedcnU?si=1lbNlDHeTVG0wNbRU6vCZQ\" target=\"_blank\" rel=\"noopener noreferrer\"><img loading=\"lazy\" decoding=\"async\" class=\"alignnone wp-image-58214\" src=\"https:\/\/landofgod.online\/wp-content\/uploads\/2023\/05\/Spotify_Icon_RGB_Green-300x300.png\" alt=\"\" width=\"32\" height=\"32\" \/><\/a><\/strong><\/em><\/p>\n","protected":false},"featured_media":58220,"comment_status":"open","ping_status":"closed","template":"","meta":{"_et_pb_use_builder":"","_et_pb_old_content":"","_et_gb_content_width":"","_joinchat":[]},"product_brand":[],"product_cat":[66,67],"product_tag":[],"class_list":{"0":"post-58219","1":"product","2":"type-product","3":"status-publish","4":"has-post-thumbnail","6":"product_cat-heavy-metal","7":"product_cat-sacrom-artista","9":"first","10":"instock","11":"taxable","12":"shipping-taxable","13":"purchasable","14":"product-type-simple"},"jetpack_sharing_enabled":true,"_links":{"self":[{"href":"https:\/\/landofgod.online\/index.php\/wp-json\/wp\/v2\/product\/58219","targetHints":{"allow":["GET"]}}],"collection":[{"href":"https:\/\/landofgod.online\/index.php\/wp-json\/wp\/v2\/product"}],"about":[{"href":"https:\/\/landofgod.online\/index.php\/wp-json\/wp\/v2\/types\/product"}],"replies":[{"embeddable":true,"href":"https:\/\/landofgod.online\/index.php\/wp-json\/wp\/v2\/comments?post=58219"}],"wp:featuredmedia":[{"embeddable":true,"href":"https:\/\/landofgod.online\/index.php\/wp-json\/wp\/v2\/media\/58220"}],"wp:attachment":[{"href":"https:\/\/landofgod.online\/index.php\/wp-json\/wp\/v2\/media?parent=58219"}],"wp:term":[{"taxonomy":"product_brand","embeddable":true,"href":"https:\/\/landofgod.online\/index.php\/wp-json\/wp\/v2\/product_brand?post=58219"},{"taxonomy":"product_cat","embeddable":true,"href":"https:\/\/landofgod.online\/index.php\/wp-json\/wp\/v2\/product_cat?post=58219"},{"taxonomy":"product_tag","embeddable":true,"href":"https:\/\/landofgod.online\/index.php\/wp-json\/wp\/v2\/product_tag?post=58219"}],"curies":[{"name":"wp","href":"https:\/\/api.w.org\/{rel}","templated":true}]}}