{"id":58248,"date":"2023-07-09T03:21:36","date_gmt":"2023-07-09T03:21:36","guid":{"rendered":"https:\/\/landofgod.online\/?post_type=product&#038;p=58248"},"modified":"2023-07-09T03:21:37","modified_gmt":"2023-07-09T03:21:37","slug":"anaemia-the-second-incarnation","status":"publish","type":"product","link":"https:\/\/landofgod.online\/index.php\/producto\/anaemia-the-second-incarnation\/","title":{"rendered":"Anaemia &#8211; The Second Incarnation"},"content":{"rendered":"<p><strong>Artista:<\/strong> Anaemia<br \/>\n<strong>\u00c1lbum:<\/strong> The Second Incarnation<br \/>\n<strong>G\u00e9nero:<\/strong> Doom\/ Death Metal<br \/>\n<strong>Pa\u00eds:<\/strong> Suecia<br \/>\n<strong>A\u00f1o de Lanzamiento:<\/strong> 1999<br \/>\n<strong>Productora:<\/strong> Endtime Productions<br \/>\n<strong>Formato:<\/strong> CD<br \/>\n<strong>Tipo:<\/strong> Digipack<\/p>\n<p><strong>Track List:<\/strong><\/p>\n<p>1. The Second Incarnation<br \/>\n2. Enter the Illusion<br \/>\n3. As Darkness Falls<br \/>\n4. Beyond the Death<br \/>\n5. Beneath the Sun<br \/>\n6. Your Soul Denied<br \/>\n7. To Bleed<br \/>\n8. Abstract Pain (Docta Ignorantia)<br \/>\n9. By Nothingness Embraced<\/p>\n<p><iframe loading=\"lazy\" title=\"ANAEMIA: The Second Incarnation (Official Audio HD)\" width=\"1080\" height=\"608\" src=\"https:\/\/www.youtube.com\/embed\/1Uti6X_RopY?feature=oembed\"  allow=\"accelerometer; autoplay; clipboard-write; encrypted-media; gyroscope; picture-in-picture; web-share\" allowfullscreen><\/iframe><\/p>\n","protected":false},"excerpt":{"rendered":"<p>Anaemia es una banda de Suecia que se form\u00f3 en 1994, su nombre hace referencia a que a este mundo le hace falta la sangre de Cristo y por eso est\u00e1 enfermo, sin embargo ellos vieron que dentro de la religi\u00f3n tambi\u00e9n hab\u00eda falta de la sangre de Cristo, por que realmente no se est\u00e1 siguiendo los pasos del Maestro y se pone tradiciones, costumbres y pensamientos de hombres por sobre lo que Dios quiere de y para nosotros.<\/p>\n<p>The Second Incarnation es el disco debut de Anaemia, y es un disco que mezcla un poco de Death Metal, Trash, Doom e influencias Folk, tiene una gran variedad musical y a eso se suman solos de guitarra, Growls a nivel vocal y sobre todo sus letras centradas en presentar a Cristo como el \u00fanico camino verdadero, el \u00fanico gu\u00eda que necesitamos buscar, porque la religi\u00f3n perdi\u00f3 el rumbo y ha dejado de lado lo que Dios quiere y buscan su propio beneficio. Un excelente disco muy recomendado.<\/p>\n<hr \/>\n<p style=\"text-align: right;\"><em><strong>Links Oficiales <\/strong><\/em><a href=\"https:\/\/anaemia.bandcamp.com\/album\/the-second-incarnation\" target=\"_blank\" rel=\"noopener noreferrer\"><img loading=\"lazy\" decoding=\"async\" class=\"alignnone wp-image-58207\" src=\"https:\/\/landofgod.online\/wp-content\/uploads\/2023\/05\/bandcamp-button-bc-circle-aqua-512-150x150.png\" alt=\"bandcamp\" width=\"32\" height=\"32\" \/><\/a><em><strong><a href=\"https:\/\/open.spotify.com\/album\/3lTiH6OvnzMJww9n0vopmn?si=2H-TTSLvRsSqdTlLHr3VeQ\" target=\"_blank\" rel=\"noopener noreferrer\"><img loading=\"lazy\" decoding=\"async\" class=\"alignnone wp-image-58214\" src=\"https:\/\/landofgod.online\/wp-content\/uploads\/2023\/05\/Spotify_Icon_RGB_Green-300x300.png\" alt=\"\" width=\"32\" height=\"32\" \/><\/a><\/strong><\/em><\/p>\n","protected":false},"featured_media":58249,"comment_status":"open","ping_status":"closed","template":"","meta":{"_et_pb_use_builder":"","_et_pb_old_content":"","_et_gb_content_width":"","_joinchat":[]},"product_brand":[],"product_cat":[73,33,74,39],"product_tag":[],"class_list":{"0":"post-58248","1":"product","2":"type-product","3":"status-publish","4":"has-post-thumbnail","6":"product_cat-anaemia","7":"product_cat-death-metal","8":"product_cat-doom-metal","9":"product_cat-thrash-metal","11":"first","12":"instock","13":"taxable","14":"shipping-taxable","15":"purchasable","16":"product-type-simple"},"jetpack_sharing_enabled":true,"_links":{"self":[{"href":"https:\/\/landofgod.online\/index.php\/wp-json\/wp\/v2\/product\/58248","targetHints":{"allow":["GET"]}}],"collection":[{"href":"https:\/\/landofgod.online\/index.php\/wp-json\/wp\/v2\/product"}],"about":[{"href":"https:\/\/landofgod.online\/index.php\/wp-json\/wp\/v2\/types\/product"}],"replies":[{"embeddable":true,"href":"https:\/\/landofgod.online\/index.php\/wp-json\/wp\/v2\/comments?post=58248"}],"wp:featuredmedia":[{"embeddable":true,"href":"https:\/\/landofgod.online\/index.php\/wp-json\/wp\/v2\/media\/58249"}],"wp:attachment":[{"href":"https:\/\/landofgod.online\/index.php\/wp-json\/wp\/v2\/media?parent=58248"}],"wp:term":[{"taxonomy":"product_brand","embeddable":true,"href":"https:\/\/landofgod.online\/index.php\/wp-json\/wp\/v2\/product_brand?post=58248"},{"taxonomy":"product_cat","embeddable":true,"href":"https:\/\/landofgod.online\/index.php\/wp-json\/wp\/v2\/product_cat?post=58248"},{"taxonomy":"product_tag","embeddable":true,"href":"https:\/\/landofgod.online\/index.php\/wp-json\/wp\/v2\/product_tag?post=58248"}],"curies":[{"name":"wp","href":"https:\/\/api.w.org\/{rel}","templated":true}]}}