{"id":58259,"date":"2023-07-10T02:42:15","date_gmt":"2023-07-10T02:42:15","guid":{"rendered":"https:\/\/landofgod.online\/?post_type=product&#038;p=58259"},"modified":"2023-07-12T02:05:03","modified_gmt":"2023-07-12T02:05:03","slug":"millennial-reign-the-great-divide","status":"publish","type":"product","link":"https:\/\/landofgod.online\/index.php\/producto\/millennial-reign-the-great-divide\/","title":{"rendered":"Millennial Reign &#8211; The Great Divide"},"content":{"rendered":"<p><strong>Artista:<\/strong> Millennial Reign<br \/>\n<strong>\u00c1lbum:<\/strong> The Great Divide<br \/>\n<strong>G\u00e9nero:<\/strong> Melodic Power Metal<br \/>\n<strong>Pa\u00eds:<\/strong> Estados Unidos<br \/>\n<strong>A\u00f1o de Lanzamiento:<\/strong> 2018<br \/>\n<strong>Productora:<\/strong> Ulterium Records<br \/>\n<strong>Formato:<\/strong> CD<br \/>\n<strong>Tipo:<\/strong> Jewel Case<\/p>\n<p><strong>Track List:<\/strong><\/p>\n<p>1. The Genesis<br \/>\n2. Break The Tide<br \/>\n3. More Than Scars<br \/>\n4. Imagine<br \/>\n5. Till The End<br \/>\n6. In Your Silence<br \/>\n7. The Day The Sun Stood Still<br \/>\n8. Behind The Time<br \/>\n9. Wounds In Hand<br \/>\n10. The Great Divide<\/p>\n<p><iframe loading=\"lazy\" title=\"Millennial Reign - Break The Tide [OFFICIAL MUSIC VIDEO]\" width=\"1080\" height=\"608\" src=\"https:\/\/www.youtube.com\/embed\/vDSnCXEJfDs?feature=oembed\"  allow=\"accelerometer; autoplay; clipboard-write; encrypted-media; gyroscope; picture-in-picture; web-share\" allowfullscreen><\/iframe><\/p>\n","protected":false},"excerpt":{"rendered":"<p>Millennial Reign es una banda de Power Metal Mel\u00f3dico de Estados Unidos, formada en el a\u00f1o 2010 por Dave Harvey, dentro de su discograf\u00eda cuentan con 3 discos de larga duraci\u00f3n, durante los a\u00f1os ha cambiado de alineaci\u00f3n algunas veces, sin embargo mantienen su estilo y sobre todo su visi\u00f3n como banda de proclamar su fe, ha acompa\u00f1ado a grandes bandas como Stryper, Theocracy, HammerFall, ACCEPT , Visions of Atlantis, entre otras.<\/p>\n<p>The Great Divide es el tercer \u00e1lbum de larga duraci\u00f3n de los estadounidenses Millennial Reign, este disco esta cargado de melodic metal con inclusi\u00f3n de teclados, riffs de guitarras, la potente voz de Travis Wills que encaja perfectamente en cada uno de los temas de este trabajo. A nivel de sus letras nos presentan un mensaje centrado en Cristo como nuestro salvador, las situaciones que se presentan en la vida y la esperanza que existe en Dios.<\/p>\n<hr \/>\n<p style=\"text-align: right;\"><em><strong>Links Oficiales <\/strong><\/em><a href=\"https:\/\/www.facebook.com\/millennialreign\" target=\"_blank\" rel=\"noopener noreferrer\"><img loading=\"lazy\" decoding=\"async\" class=\"alignnone wp-image-58210\" src=\"https:\/\/landofgod.online\/wp-content\/uploads\/2023\/05\/f_logo_RGB-Blue_1024-300x300.png\" alt=\"\" width=\"32\" height=\"32\" \/><\/a><a href=\"https:\/\/millennialreign.bandcamp.com\" target=\"_blank\" rel=\"noopener noreferrer\"><img loading=\"lazy\" decoding=\"async\" class=\"alignnone wp-image-58207\" src=\"https:\/\/landofgod.online\/wp-content\/uploads\/2023\/05\/bandcamp-button-bc-circle-aqua-512-150x150.png\" alt=\"bandcamp\" width=\"32\" height=\"32\" \/><\/a><a href=\"https:\/\/www.youtube.com\/@MillennialReign7\" target=\"_blank\" rel=\"noopener noreferrer\"><img loading=\"lazy\" decoding=\"async\" class=\"alignnone wp-image-58212\" src=\"https:\/\/landofgod.online\/wp-content\/uploads\/2023\/05\/youtube_social_circle_red-300x300.png\" alt=\"\" width=\"32\" height=\"32\" \/><\/a><em><strong><a href=\"https:\/\/open.spotify.com\/album\/1vD9ZnsR7R5QiKhlpsMyU2?si=vd9aHJMlRbSdLL_qEidJMQ\" target=\"_blank\" rel=\"noopener noreferrer\"><img loading=\"lazy\" decoding=\"async\" class=\"alignnone wp-image-58214\" src=\"https:\/\/landofgod.online\/wp-content\/uploads\/2023\/05\/Spotify_Icon_RGB_Green-300x300.png\" alt=\"\" width=\"32\" height=\"32\" \/><\/a><\/strong><\/em><\/p>\n","protected":false},"featured_media":58260,"comment_status":"open","ping_status":"closed","template":"","meta":{"_et_pb_use_builder":"","_et_pb_old_content":"","_et_gb_content_width":"","_joinchat":[]},"product_brand":[],"product_cat":[77,79],"product_tag":[],"class_list":{"0":"post-58259","1":"product","2":"type-product","3":"status-publish","4":"has-post-thumbnail","6":"product_cat-millennial-reign","7":"product_cat-ulterium-records-productora","9":"first","10":"instock","11":"taxable","12":"shipping-taxable","13":"purchasable","14":"product-type-simple"},"jetpack_sharing_enabled":true,"_links":{"self":[{"href":"https:\/\/landofgod.online\/index.php\/wp-json\/wp\/v2\/product\/58259","targetHints":{"allow":["GET"]}}],"collection":[{"href":"https:\/\/landofgod.online\/index.php\/wp-json\/wp\/v2\/product"}],"about":[{"href":"https:\/\/landofgod.online\/index.php\/wp-json\/wp\/v2\/types\/product"}],"replies":[{"embeddable":true,"href":"https:\/\/landofgod.online\/index.php\/wp-json\/wp\/v2\/comments?post=58259"}],"wp:featuredmedia":[{"embeddable":true,"href":"https:\/\/landofgod.online\/index.php\/wp-json\/wp\/v2\/media\/58260"}],"wp:attachment":[{"href":"https:\/\/landofgod.online\/index.php\/wp-json\/wp\/v2\/media?parent=58259"}],"wp:term":[{"taxonomy":"product_brand","embeddable":true,"href":"https:\/\/landofgod.online\/index.php\/wp-json\/wp\/v2\/product_brand?post=58259"},{"taxonomy":"product_cat","embeddable":true,"href":"https:\/\/landofgod.online\/index.php\/wp-json\/wp\/v2\/product_cat?post=58259"},{"taxonomy":"product_tag","embeddable":true,"href":"https:\/\/landofgod.online\/index.php\/wp-json\/wp\/v2\/product_tag?post=58259"}],"curies":[{"name":"wp","href":"https:\/\/api.w.org\/{rel}","templated":true}]}}