{"id":58282,"date":"2023-08-02T05:07:02","date_gmt":"2023-08-02T05:07:02","guid":{"rendered":"https:\/\/landofgod.online\/?post_type=product&#038;p=58282"},"modified":"2023-08-02T05:07:02","modified_gmt":"2023-08-02T05:07:02","slug":"metanoia-time-to-die","status":"publish","type":"product","link":"https:\/\/landofgod.online\/index.php\/producto\/metanoia-time-to-die\/","title":{"rendered":"Metanoia &#8211; Time To Die"},"content":{"rendered":"<p><strong>Artista:<\/strong> Metanoia<br \/>\n<strong>\u00c1lbum:<\/strong> Time To Die<br \/>\n<strong>G\u00e9nero:<\/strong> Extreme (Death) Metal<br \/>\n<strong>Pa\u00eds:<\/strong> Australia<br \/>\n<strong>A\u00f1o de Lanzamiento:<\/strong> 1999<br \/>\n<strong>Productora:<\/strong> Soundmass<br \/>\n<strong>A\u00f1o de Reedici\u00f3n:<\/strong> 2020<br \/>\n<strong>Formato:<\/strong> CD<br \/>\n<strong>Tipo:<\/strong> Jewel Case<\/p>\n<p><strong>Track List:<\/strong><\/p>\n<p>1. Smashed<br \/>\n2. Paradise<br \/>\n3. Now Listen Up<br \/>\n4. Judge Me Not<br \/>\n5. Offensive<br \/>\n6. Time To Die<br \/>\n7. Corpses<br \/>\n8. Raped Reality<br \/>\n9. Fade<br \/>\n10. Is To Be Free<br \/>\n11. Lack Of Life<br \/>\n12. Feeling The Fire<br \/>\n13. Blyth<br \/>\n14. Lucifer\u2019s Seductions<\/p>\n<p><iframe loading=\"lazy\" title=\"Time to Die\" width=\"1080\" height=\"810\" src=\"https:\/\/www.youtube.com\/embed\/809GTXoCzKw?feature=oembed\"  allow=\"accelerometer; autoplay; clipboard-write; encrypted-media; gyroscope; picture-in-picture; web-share\" allowfullscreen><\/iframe><\/p>\n","protected":false},"excerpt":{"rendered":"<p>Time To Die es el tercer y \u00faltimo disco de la banda hasta el momento, fue lanzado en 1999, en este disco la banda continua con su mezcla de sonidos y voces, pero perfeccionando su t\u00e9cnica y su sonido, entreg\u00e1ndonos un disco mas potente y agresivo con growls, screech y voces limpias, incluyen riffs de guitarras r\u00e1pidos y cambios de ritmo que generan una gran atm\u00f3sfera. Sus letras nuevamente presentando a Cristo como el centro de la vida, quien ofrece perd\u00f3n, salvaci\u00f3n, libertad, quien rompe ataduras que muchas veces los hombre ponen a trav\u00e9s de sus leyes y doctrinas, y nos muestran que necesitamos dejar atr\u00e1s nuestro pasado y tomar la decisi\u00f3n de vivir para Cristo.<\/p>\n<hr \/>\n<p style=\"text-align: right;\"><em><strong>Links Oficiales <\/strong><\/em><a href=\"https:\/\/www.youtube.com\/watch?v=XCgxVDo3JjI&amp;list=OLAK5uy_lixMV5_BOscjGGFWotfn2QOlpxR4ahhL0\" target=\"_blank\" rel=\"noopener noreferrer\"><img loading=\"lazy\" decoding=\"async\" class=\"alignnone wp-image-58212\" src=\"https:\/\/landofgod.online\/wp-content\/uploads\/2023\/05\/youtube_social_circle_red-300x300.png\" alt=\"\" width=\"32\" height=\"32\" \/><\/a><em><strong><a href=\"https:\/\/open.spotify.com\/album\/3GglDZV5AeulgawuOehdFU?si=irM-LfhCTCyPMIbGHzVp7A\" target=\"_blank\" rel=\"noopener noreferrer\"><img loading=\"lazy\" decoding=\"async\" class=\"alignnone wp-image-58214\" src=\"https:\/\/landofgod.online\/wp-content\/uploads\/2023\/05\/Spotify_Icon_RGB_Green-300x300.png\" alt=\"\" width=\"32\" height=\"32\" \/><\/a><\/strong><\/em><\/p>\n","protected":false},"featured_media":58283,"comment_status":"open","ping_status":"closed","template":"","meta":{"_et_pb_use_builder":"","_et_pb_old_content":"","_et_gb_content_width":"","_joinchat":[]},"product_brand":[],"product_cat":[33,83,56],"product_tag":[],"class_list":{"0":"post-58282","1":"product","2":"type-product","3":"status-publish","4":"has-post-thumbnail","6":"product_cat-death-metal","7":"product_cat-metanoia","8":"product_cat-soundmass","10":"first","11":"instock","12":"taxable","13":"shipping-taxable","14":"purchasable","15":"product-type-simple"},"jetpack_sharing_enabled":true,"_links":{"self":[{"href":"https:\/\/landofgod.online\/index.php\/wp-json\/wp\/v2\/product\/58282","targetHints":{"allow":["GET"]}}],"collection":[{"href":"https:\/\/landofgod.online\/index.php\/wp-json\/wp\/v2\/product"}],"about":[{"href":"https:\/\/landofgod.online\/index.php\/wp-json\/wp\/v2\/types\/product"}],"replies":[{"embeddable":true,"href":"https:\/\/landofgod.online\/index.php\/wp-json\/wp\/v2\/comments?post=58282"}],"wp:featuredmedia":[{"embeddable":true,"href":"https:\/\/landofgod.online\/index.php\/wp-json\/wp\/v2\/media\/58283"}],"wp:attachment":[{"href":"https:\/\/landofgod.online\/index.php\/wp-json\/wp\/v2\/media?parent=58282"}],"wp:term":[{"taxonomy":"product_brand","embeddable":true,"href":"https:\/\/landofgod.online\/index.php\/wp-json\/wp\/v2\/product_brand?post=58282"},{"taxonomy":"product_cat","embeddable":true,"href":"https:\/\/landofgod.online\/index.php\/wp-json\/wp\/v2\/product_cat?post=58282"},{"taxonomy":"product_tag","embeddable":true,"href":"https:\/\/landofgod.online\/index.php\/wp-json\/wp\/v2\/product_tag?post=58282"}],"curies":[{"name":"wp","href":"https:\/\/api.w.org\/{rel}","templated":true}]}}