{"id":58491,"date":"2023-12-04T02:24:19","date_gmt":"2023-12-04T02:24:19","guid":{"rendered":"https:\/\/landofgod.online\/?post_type=product&#038;p=58491"},"modified":"2023-12-04T02:24:19","modified_gmt":"2023-12-04T02:24:19","slug":"lament-the-ancient-battle-of-the-saints","status":"publish","type":"product","link":"https:\/\/landofgod.online\/index.php\/producto\/lament-the-ancient-battle-of-the-saints\/","title":{"rendered":"Lament &#8211; The Ancient Battle of the Saints"},"content":{"rendered":"<p><strong>Artista:<\/strong> Lament<br \/>\n<strong>\u00c1lbum:<\/strong> The Ancient Battle of the Saints<br \/>\n<strong>G\u00e9nero:<\/strong> Death Metal<br \/>\n<strong>Pa\u00eds:<\/strong> M\u00e9xico<br \/>\n<strong>A\u00f1o de Lanzamiento:<\/strong> 2018<br \/>\n<strong>Productora:<\/strong> Lament Records<br \/>\n<strong>Formato:<\/strong> CD<br \/>\n<strong>Tipo:<\/strong> Jewel Case<\/p>\n<p><strong>Track List:<\/strong><\/p>\n<p>1. This Present Darkness<br \/>\n2. Apostle of Hypocrisy<br \/>\n3. Politician<br \/>\n4. Book of Power<br \/>\n5. Soul<br \/>\n6. Rapture Is Not a Lie<br \/>\n7. Not My Funeral<br \/>\n8. Legal<\/p>\n<p><iframe loading=\"lazy\" title=\"LAMENT - Book Of Power\" width=\"1080\" height=\"608\" src=\"https:\/\/www.youtube.com\/embed\/ytI5ZFd_JJA?feature=oembed\"  allow=\"accelerometer; autoplay; clipboard-write; encrypted-media; gyroscope; picture-in-picture; web-share\" allowfullscreen><\/iframe><\/p>\n","protected":false},"excerpt":{"rendered":"<p>The Ancient Battle of the Saints es el quinto album de Lament lanzado en el 2018, un disco que nos presenta un death metal con toques m\u00e1s t\u00e9cnicos, en este disco se denuncia a los mercaderes de la fe, que invalidan los mandamientos, la palabra de Dios, incluye un cr\u00edtica a los pol\u00edticos que solo buscan llenarse de dinero y para conseguirlo hacen lo que sea, por causa de ellos vemos a la gente de tantos pa\u00edses en miseria, pero tambi\u00e9n nos recuerda que la palabra De Dios es real y verdadera, que Cristo volver\u00e1 pos su iglesia y cuando regrese por su pueblo terminar\u00e1 este orden de cosas y ya no habra sufrimiento, dolor.<\/p>\n<hr \/>\n<p style=\"text-align: right;\"><em><strong>Links Oficiales <\/strong><\/em><a href=\"https:\/\/www.facebook.com\/profile.php?id=100063762812037&amp;mibextid=LQQJ4d\" target=\"_blank\" rel=\"noopener noreferrer\"><img loading=\"lazy\" decoding=\"async\" class=\"alignnone wp-image-58210\" src=\"https:\/\/landofgod.online\/wp-content\/uploads\/2023\/05\/f_logo_RGB-Blue_1024-300x300.png\" alt=\"\" width=\"32\" height=\"32\" \/><\/a><a href=\"https:\/\/www.youtube.com\/@lamentrecords6459\" target=\"_blank\" rel=\"noopener noreferrer\"><img loading=\"lazy\" decoding=\"async\" class=\"alignnone wp-image-58212\" src=\"https:\/\/landofgod.online\/wp-content\/uploads\/2023\/05\/youtube_social_circle_red-300x300.png\" alt=\"\" width=\"32\" height=\"32\" \/><\/a><\/p>\n","protected":false},"featured_media":58492,"comment_status":"open","ping_status":"closed","template":"","meta":{"_et_pb_use_builder":"","_et_pb_old_content":"","_et_gb_content_width":"","_joinchat":[]},"product_brand":[],"product_cat":[33,102,103],"product_tag":[],"class_list":{"0":"post-58491","1":"product","2":"type-product","3":"status-publish","4":"has-post-thumbnail","6":"product_cat-death-metal","7":"product_cat-lament","8":"product_cat-lament-records","10":"first","11":"instock","12":"taxable","13":"shipping-taxable","14":"purchasable","15":"product-type-simple"},"jetpack_sharing_enabled":true,"_links":{"self":[{"href":"https:\/\/landofgod.online\/index.php\/wp-json\/wp\/v2\/product\/58491","targetHints":{"allow":["GET"]}}],"collection":[{"href":"https:\/\/landofgod.online\/index.php\/wp-json\/wp\/v2\/product"}],"about":[{"href":"https:\/\/landofgod.online\/index.php\/wp-json\/wp\/v2\/types\/product"}],"replies":[{"embeddable":true,"href":"https:\/\/landofgod.online\/index.php\/wp-json\/wp\/v2\/comments?post=58491"}],"wp:featuredmedia":[{"embeddable":true,"href":"https:\/\/landofgod.online\/index.php\/wp-json\/wp\/v2\/media\/58492"}],"wp:attachment":[{"href":"https:\/\/landofgod.online\/index.php\/wp-json\/wp\/v2\/media?parent=58491"}],"wp:term":[{"taxonomy":"product_brand","embeddable":true,"href":"https:\/\/landofgod.online\/index.php\/wp-json\/wp\/v2\/product_brand?post=58491"},{"taxonomy":"product_cat","embeddable":true,"href":"https:\/\/landofgod.online\/index.php\/wp-json\/wp\/v2\/product_cat?post=58491"},{"taxonomy":"product_tag","embeddable":true,"href":"https:\/\/landofgod.online\/index.php\/wp-json\/wp\/v2\/product_tag?post=58491"}],"curies":[{"name":"wp","href":"https:\/\/api.w.org\/{rel}","templated":true}]}}