{"id":58495,"date":"2023-12-04T02:43:57","date_gmt":"2023-12-04T02:43:57","guid":{"rendered":"https:\/\/landofgod.online\/?post_type=product&#038;p=58495"},"modified":"2023-12-04T02:43:57","modified_gmt":"2023-12-04T02:43:57","slug":"lament-burn-satan-burn","status":"publish","type":"product","link":"https:\/\/landofgod.online\/index.php\/producto\/lament-burn-satan-burn\/","title":{"rendered":"Lament &#8211; Burn Satan Burn"},"content":{"rendered":"<p><strong>Artista:<\/strong> Lament<br \/>\n<strong>\u00c1lbum:<\/strong> Burn Satan Burn<br \/>\n<strong>G\u00e9nero:<\/strong> Death Metal<br \/>\n<strong>Pa\u00eds:<\/strong> M\u00e9xico<br \/>\n<strong>A\u00f1o de Lanzamiento:<\/strong> 2021<br \/>\n<strong>Productora:<\/strong> Lament Records<br \/>\n<strong>Formato:<\/strong> CD<br \/>\n<strong>Tipo:<\/strong> Jewel Case<\/p>\n<p><strong>Track List:<\/strong><\/p>\n<p>1. Surrender Is Not an Option<br \/>\n2. Behead the Demon of the Past<br \/>\n3. The Dungeon of the Doubt<br \/>\n4. The Gospel of the Fools<br \/>\n5. Torn Apart Only Physically<br \/>\n6. Triumph of the Heights of Golan<br \/>\n7. The God of Mercy<br \/>\n8. They Come<br \/>\n9. You Have Finished the Race<br \/>\n10. I Have Kept the Faith<\/p>\n<p><iframe loading=\"lazy\" title=\"LAMENT - Rendirse No Es Una Opci\u00f3n\" width=\"1080\" height=\"608\" src=\"https:\/\/www.youtube.com\/embed\/rclS7Z30YHQ?feature=oembed\"  allow=\"accelerometer; autoplay; clipboard-write; encrypted-media; gyroscope; picture-in-picture; web-share\" allowfullscreen><\/iframe><\/p>\n","protected":false},"excerpt":{"rendered":"<p>Burn Satan Burn es el sexto disco de Lament y fue lanzado en el 2021, este disco nos presenta el sello de la banda tanto en lo musical como en la tem\u00e1tica que aborda, en lo musical es un Death Metal con secciones r\u00edtmicas, distintos matices en cuanto a lo vocal y la fuerza que caracteriza a la banda, en cuanto a sus letras nos recuerda que el pasado qued\u00f3 atr\u00e1s y que Cristo ofrece salvaci\u00f3n y una vida nueva, en la vida cada uno puede caer y cometer errores, pero Cristo vino a morir por nosotros y ofrecer perd\u00f3n, de modo que es necesario levantarse y continuar luchando, siendo fiel y esforz\u00e1ndose por buscar de Dios, no como parte de la religi\u00f3n actual, sino como una relaci\u00f3n personal que permita conocer al verdadero Dios.<\/p>\n<hr \/>\n<p style=\"text-align: right;\"><em><strong>Links Oficiales <\/strong><\/em><a href=\"https:\/\/www.facebook.com\/profile.php?id=100063762812037&amp;mibextid=LQQJ4d\" target=\"_blank\" rel=\"noopener noreferrer\"><img loading=\"lazy\" decoding=\"async\" class=\"alignnone wp-image-58210\" src=\"https:\/\/landofgod.online\/wp-content\/uploads\/2023\/05\/f_logo_RGB-Blue_1024-300x300.png\" alt=\"\" width=\"32\" height=\"32\" \/><\/a><a href=\"https:\/\/www.youtube.com\/@lamentrecords6459\" target=\"_blank\" rel=\"noopener noreferrer\"><img loading=\"lazy\" decoding=\"async\" class=\"alignnone wp-image-58212\" src=\"https:\/\/landofgod.online\/wp-content\/uploads\/2023\/05\/youtube_social_circle_red-300x300.png\" alt=\"\" width=\"32\" height=\"32\" \/><\/a><em><strong><a href=\"https:\/\/open.spotify.com\/album\/4Oi4QmvUsaj56e6cfuArCy?si=ea4JOzIxSjiEs7YRT4ok5Q\" target=\"_blank\" rel=\"noopener noreferrer\"><img loading=\"lazy\" decoding=\"async\" class=\"alignnone wp-image-58214\" src=\"https:\/\/landofgod.online\/wp-content\/uploads\/2023\/05\/Spotify_Icon_RGB_Green-300x300.png\" alt=\"\" width=\"32\" height=\"32\" \/><\/a><\/strong><\/em><\/p>\n","protected":false},"featured_media":58496,"comment_status":"open","ping_status":"closed","template":"","meta":{"_et_pb_use_builder":"","_et_pb_old_content":"","_et_gb_content_width":"","_joinchat":[]},"product_brand":[],"product_cat":[33,102,103],"product_tag":[],"class_list":{"0":"post-58495","1":"product","2":"type-product","3":"status-publish","4":"has-post-thumbnail","6":"product_cat-death-metal","7":"product_cat-lament","8":"product_cat-lament-records","10":"first","11":"instock","12":"taxable","13":"shipping-taxable","14":"purchasable","15":"product-type-simple"},"jetpack_sharing_enabled":true,"_links":{"self":[{"href":"https:\/\/landofgod.online\/index.php\/wp-json\/wp\/v2\/product\/58495","targetHints":{"allow":["GET"]}}],"collection":[{"href":"https:\/\/landofgod.online\/index.php\/wp-json\/wp\/v2\/product"}],"about":[{"href":"https:\/\/landofgod.online\/index.php\/wp-json\/wp\/v2\/types\/product"}],"replies":[{"embeddable":true,"href":"https:\/\/landofgod.online\/index.php\/wp-json\/wp\/v2\/comments?post=58495"}],"wp:featuredmedia":[{"embeddable":true,"href":"https:\/\/landofgod.online\/index.php\/wp-json\/wp\/v2\/media\/58496"}],"wp:attachment":[{"href":"https:\/\/landofgod.online\/index.php\/wp-json\/wp\/v2\/media?parent=58495"}],"wp:term":[{"taxonomy":"product_brand","embeddable":true,"href":"https:\/\/landofgod.online\/index.php\/wp-json\/wp\/v2\/product_brand?post=58495"},{"taxonomy":"product_cat","embeddable":true,"href":"https:\/\/landofgod.online\/index.php\/wp-json\/wp\/v2\/product_cat?post=58495"},{"taxonomy":"product_tag","embeddable":true,"href":"https:\/\/landofgod.online\/index.php\/wp-json\/wp\/v2\/product_tag?post=58495"}],"curies":[{"name":"wp","href":"https:\/\/api.w.org\/{rel}","templated":true}]}}