{"id":58508,"date":"2023-12-07T02:47:08","date_gmt":"2023-12-07T02:47:08","guid":{"rendered":"https:\/\/landofgod.online\/?post_type=product&#038;p=58508"},"modified":"2023-12-07T02:47:09","modified_gmt":"2023-12-07T02:47:09","slug":"exortta-tempus","status":"publish","type":"product","link":"https:\/\/landofgod.online\/index.php\/producto\/exortta-tempus\/","title":{"rendered":"Exortta &#8211; Tempus"},"content":{"rendered":"<p><strong>Artista:<\/strong> Exortta<br \/>\n<strong>\u00c1lbum:<\/strong> Tempus<br \/>\n<strong>G\u00e9nero:<\/strong> Symphonic Black\/Doom Metal<br \/>\n<strong>Pa\u00eds:<\/strong> Brasil<br \/>\n<strong>A\u00f1o de Lanzamiento:<\/strong> 2020<br \/>\n<strong>Productora:<\/strong> Christian Metal Underground Records<br \/>\n<strong>Formato:<\/strong> CD<br \/>\n<strong>Tipo:<\/strong> Digipack<\/p>\n<p><strong>Track List:<\/strong><\/p>\n<p>1. An Odyssey in the Darkness<br \/>\n2. The Ancient Prophecies<br \/>\n3. Ezekiel<br \/>\n4. Unfailing<br \/>\n5. Under the Light of the Red Moon<br \/>\n6. Crucial Moment<br \/>\n7. Suffering and Blood<\/p>\n<p><iframe loading=\"lazy\" title=\"Exortta - An Odyssey in the Darkness\" width=\"1080\" height=\"608\" src=\"https:\/\/www.youtube.com\/embed\/x8RQDNBuozY?feature=oembed\"  allow=\"accelerometer; autoplay; clipboard-write; encrypted-media; gyroscope; picture-in-picture; web-share\" allowfullscreen><\/iframe><\/p>\n","protected":false},"excerpt":{"rendered":"<p>Exortta es una banda de Brasil formada en el 2011, hasta el momento han lanzado 3 discos de larga duraci\u00f3n, musicalmente presenta una gran fusi\u00f3n de elementos, que toma tanto del Black y del Doom, adicionalmente la inclusi\u00f3n del teclado y vocales femeninas le permite generar una atm\u00f3sfera oscura, las letras de esta banda abordan temas que van entre relatos de pasajes b\u00edblicos , as\u00ed como presentar las experiencias personales, las batallas que se libra, pero mostrando siempre que Dios est\u00e1 con su pueblo y es qui\u00e9n da vida y esperanza a trav\u00e9s de Cristo.<\/p>\n<p>Tempus es el segundo disco de Exortta, fue lanzado en el 2020 y en este disco vemos la evoluci\u00f3n de la banda en un sonido m\u00e1s agresivo en ciertas secciones, pero tambi\u00e9n incluye secciones instrumentales m\u00e1s elaboradas donde el teclado es el protagonista, esto genera un gran contraste. En cuanto a sus letras nos recuerda que Cristo volver\u00e1 por su pueblo, que sus promesas son reales, tan reales como las profec\u00edas que se cumplieron en Cristo, adem\u00e1s nos presenta la visi\u00f3n de Juan respecto al Cordero con un libro en sus manos, los jinetes del Apocalipsis y los sucesos que est\u00e1n por suceder previo al regreso de Cristo.<\/p>\n<hr \/>\n<p style=\"text-align: right;\"><em><strong>Links Oficiales <\/strong><\/em><a href=\"https:\/\/www.facebook.com\/Exortta?mibextid=LQQJ4d\" target=\"_blank\" rel=\"noopener noreferrer\"><img loading=\"lazy\" decoding=\"async\" class=\"alignnone wp-image-58210\" src=\"https:\/\/landofgod.online\/wp-content\/uploads\/2023\/05\/f_logo_RGB-Blue_1024-300x300.png\" alt=\"\" width=\"32\" height=\"32\" \/><\/a><a href=\"https:\/\/visionofgodrecords.bandcamp.com\/album\/last-called-remastered-black-unblack-metal\" target=\"_blank\" rel=\"noopener noreferrer\"><img loading=\"lazy\" decoding=\"async\" class=\"alignnone wp-image-58207\" src=\"https:\/\/landofgod.online\/wp-content\/uploads\/2023\/05\/bandcamp-button-bc-circle-aqua-512-150x150.png\" alt=\"bandcamp\" width=\"32\" height=\"32\" \/><\/a><a href=\"https:\/\/www.youtube.com\/@Exorttaband\" target=\"_blank\" rel=\"noopener noreferrer\"><img loading=\"lazy\" decoding=\"async\" class=\"alignnone wp-image-58212\" src=\"https:\/\/landofgod.online\/wp-content\/uploads\/2023\/05\/youtube_social_circle_red-300x300.png\" alt=\"\" width=\"32\" height=\"32\" \/><\/a><em><strong><a href=\"https:\/\/open.spotify.com\/intl-es\/album\/0ms1N07WWkFNlQibzeFtGX?si=H8F7RL1PRLe_z59CMJLugA\" target=\"_blank\" rel=\"noopener noreferrer\"><img loading=\"lazy\" decoding=\"async\" class=\"alignnone wp-image-58214\" src=\"https:\/\/landofgod.online\/wp-content\/uploads\/2023\/05\/Spotify_Icon_RGB_Green-300x300.png\" alt=\"\" width=\"32\" height=\"32\" \/><\/a><\/strong><\/em><\/p>\n","protected":false},"featured_media":58504,"comment_status":"open","ping_status":"closed","template":"","meta":{"_et_pb_use_builder":"","_et_pb_old_content":"","_et_gb_content_width":"","_joinchat":[]},"product_brand":[],"product_cat":[106,74,105,100],"product_tag":[],"class_list":{"0":"post-58508","1":"product","2":"type-product","3":"status-publish","4":"has-post-thumbnail","6":"product_cat-christian-metal-underground-records","7":"product_cat-doom-metal","8":"product_cat-exortta","9":"product_cat-symphonic-black-metal","11":"first","12":"instock","13":"taxable","14":"shipping-taxable","15":"purchasable","16":"product-type-simple"},"jetpack_sharing_enabled":true,"_links":{"self":[{"href":"https:\/\/landofgod.online\/index.php\/wp-json\/wp\/v2\/product\/58508","targetHints":{"allow":["GET"]}}],"collection":[{"href":"https:\/\/landofgod.online\/index.php\/wp-json\/wp\/v2\/product"}],"about":[{"href":"https:\/\/landofgod.online\/index.php\/wp-json\/wp\/v2\/types\/product"}],"replies":[{"embeddable":true,"href":"https:\/\/landofgod.online\/index.php\/wp-json\/wp\/v2\/comments?post=58508"}],"wp:featuredmedia":[{"embeddable":true,"href":"https:\/\/landofgod.online\/index.php\/wp-json\/wp\/v2\/media\/58504"}],"wp:attachment":[{"href":"https:\/\/landofgod.online\/index.php\/wp-json\/wp\/v2\/media?parent=58508"}],"wp:term":[{"taxonomy":"product_brand","embeddable":true,"href":"https:\/\/landofgod.online\/index.php\/wp-json\/wp\/v2\/product_brand?post=58508"},{"taxonomy":"product_cat","embeddable":true,"href":"https:\/\/landofgod.online\/index.php\/wp-json\/wp\/v2\/product_cat?post=58508"},{"taxonomy":"product_tag","embeddable":true,"href":"https:\/\/landofgod.online\/index.php\/wp-json\/wp\/v2\/product_tag?post=58508"}],"curies":[{"name":"wp","href":"https:\/\/api.w.org\/{rel}","templated":true}]}}