{"id":58511,"date":"2023-12-14T03:07:32","date_gmt":"2023-12-14T03:07:32","guid":{"rendered":"https:\/\/landofgod.online\/?post_type=product&#038;p=58511"},"modified":"2023-12-14T03:07:32","modified_gmt":"2023-12-14T03:07:32","slug":"rarmagom-the-cross-is-empty-but-the-throne-is-not","status":"publish","type":"product","link":"https:\/\/landofgod.online\/index.php\/producto\/rarmagom-the-cross-is-empty-but-the-throne-is-not\/","title":{"rendered":"Rarmagom &#8211; The Cross Is Empty, but the Throne Is Not"},"content":{"rendered":"<p><strong>Artista:<\/strong> Rarmagom<br \/>\n<strong>\u00c1lbum:<\/strong> The Cross Is Empty, but the Throne Is Not<br \/>\n<strong>G\u00e9nero:<\/strong> Symphonic Black Metal<br \/>\n<strong>Pa\u00eds:<\/strong> Brasil<br \/>\n<strong>A\u00f1o de Lanzamiento:<\/strong> 2019<br \/>\n<strong>C\u00f3digo Barras:<\/strong> 7908077201852<br \/>\n<strong>C\u00f3digo Productora:<\/strong> AA000500<br \/>\n<strong>Formato:<\/strong> CD<br \/>\n<strong>Tipo:<\/strong> Jewel Case<\/p>\n<p><strong>Track List:<\/strong><\/p>\n<p>1. Preludio<br \/>\n2. From Humiliation to Triumph<br \/>\n3. Take Your Cross<br \/>\n4. Nailing the Cross<br \/>\n5. Cross of Death<\/p>\n<p><iframe loading=\"lazy\" title=\"Rarmagom - From Humiliation To Triumph (Streaming Video)\" width=\"1080\" height=\"608\" src=\"https:\/\/www.youtube.com\/embed\/ErjX6WfUB8s?feature=oembed\"  allow=\"accelerometer; autoplay; clipboard-write; encrypted-media; gyroscope; picture-in-picture; web-share\" allowfullscreen><\/iframe><\/p>\n","protected":false},"excerpt":{"rendered":"<p>Rarmagom es una banda de Symphonic Black Metal proveniente de Brasil, en el 2019 Clayton cambia el nombre del proyecto de Nuntius a Rarmagom. A nivel musical presenta un black metal muy bien logrado, que incluye piano y vocales femeninas, tiene secciones r\u00e1pidas, oscuras, pero contrasta con los elementos orquestales. Las letras son escritas por Clyaton y en su primer EP nos presentan la obra de Cristo, como un sacrificio perfecto de amor, cargando nuestras culpas y pagando el precio necesario para salvar a la humanidad, toda persona que quiere acercarse a Dios lo puede hacer a trav\u00e9s del \u00fanico camino que es Jes\u00fas, quien merece la gloria, fortaleza, honor, poder y dominio.<\/p>\n<hr \/>\n<p style=\"text-align: right;\"><em><strong>Links Oficiales <\/strong><\/em><a href=\"https:\/\/www.facebook.com\/profile.php?id=100063520569994&amp;mibextid=LQQJ4d\" target=\"_blank\" rel=\"noopener noreferrer\"><img loading=\"lazy\" decoding=\"async\" class=\"alignnone wp-image-58210\" src=\"https:\/\/landofgod.online\/wp-content\/uploads\/2023\/05\/f_logo_RGB-Blue_1024-300x300.png\" alt=\"\" width=\"32\" height=\"32\" \/><\/a><\/p>\n","protected":false},"featured_media":58512,"comment_status":"open","ping_status":"closed","template":"","meta":{"_et_pb_use_builder":"","_et_pb_old_content":"","_et_gb_content_width":"","_joinchat":[]},"product_brand":[],"product_cat":[107,100],"product_tag":[],"class_list":{"0":"post-58511","1":"product","2":"type-product","3":"status-publish","4":"has-post-thumbnail","6":"product_cat-rarmagom","7":"product_cat-symphonic-black-metal","9":"first","10":"instock","11":"taxable","12":"shipping-taxable","13":"purchasable","14":"product-type-simple"},"jetpack_sharing_enabled":true,"_links":{"self":[{"href":"https:\/\/landofgod.online\/index.php\/wp-json\/wp\/v2\/product\/58511","targetHints":{"allow":["GET"]}}],"collection":[{"href":"https:\/\/landofgod.online\/index.php\/wp-json\/wp\/v2\/product"}],"about":[{"href":"https:\/\/landofgod.online\/index.php\/wp-json\/wp\/v2\/types\/product"}],"replies":[{"embeddable":true,"href":"https:\/\/landofgod.online\/index.php\/wp-json\/wp\/v2\/comments?post=58511"}],"wp:featuredmedia":[{"embeddable":true,"href":"https:\/\/landofgod.online\/index.php\/wp-json\/wp\/v2\/media\/58512"}],"wp:attachment":[{"href":"https:\/\/landofgod.online\/index.php\/wp-json\/wp\/v2\/media?parent=58511"}],"wp:term":[{"taxonomy":"product_brand","embeddable":true,"href":"https:\/\/landofgod.online\/index.php\/wp-json\/wp\/v2\/product_brand?post=58511"},{"taxonomy":"product_cat","embeddable":true,"href":"https:\/\/landofgod.online\/index.php\/wp-json\/wp\/v2\/product_cat?post=58511"},{"taxonomy":"product_tag","embeddable":true,"href":"https:\/\/landofgod.online\/index.php\/wp-json\/wp\/v2\/product_tag?post=58511"}],"curies":[{"name":"wp","href":"https:\/\/api.w.org\/{rel}","templated":true}]}}