{"id":58568,"date":"2025-02-21T15:50:41","date_gmt":"2025-02-21T15:50:41","guid":{"rendered":"https:\/\/landofgod.online\/?post_type=product&#038;p=58568"},"modified":"2025-02-21T15:50:41","modified_gmt":"2025-02-21T15:50:41","slug":"karv-what-the-dunes-have-hidden","status":"publish","type":"product","link":"https:\/\/landofgod.online\/index.php\/producto\/karv-what-the-dunes-have-hidden\/","title":{"rendered":"K\u00e4rv &#8211; What the Dunes Have Hidden"},"content":{"rendered":"<p><strong>Artista:<\/strong> K\u00e4rv<br \/>\n<strong>\u00c1lbum:<\/strong> What the Dunes Have Hidden<br \/>\n<strong>G\u00e9nero:<\/strong> Black Metal<br \/>\n<strong>Pa\u00eds:<\/strong> Suecia<br \/>\n<strong>A\u00f1o de Lanzamiento:<\/strong> 2024<br \/>\n<strong>Productora:<\/strong> SneeuwStorm Produkties<br \/>\n<strong>Formato:<\/strong> CD<br \/>\n<strong>Tipo:<\/strong> Jewel Case<\/p>\n<p><strong>Track List:<\/strong><\/p>\n<p>1. Into the Wilderness<br \/>\n2. Grave and Sea<br \/>\n3. In the Earthen Womb<br \/>\n4. Battle Chant<br \/>\n5. Consecration<br \/>\n6. Mother Harlot, Mother Whore<br \/>\n7. Dissolution of the Flesh<br \/>\n8. Pillars of Salt<\/p>\n<p><iframe loading=\"lazy\" title=\"K\u00e4rv - In the Earthen Womb\" width=\"1080\" height=\"608\" src=\"https:\/\/www.youtube.com\/embed\/WdIToLkytKc?feature=oembed\"  allow=\"accelerometer; autoplay; clipboard-write; encrypted-media; gyroscope; picture-in-picture; web-share\" referrerpolicy=\"strict-origin-when-cross-origin\" allowfullscreen><\/iframe><\/p>\n","protected":false},"excerpt":{"rendered":"<p>K\u00e4rv es un proyecto de Black Metal en solitario de Gr\u00ecsh\u00e2, inici\u00f3 en 2021 en Suecia.<\/p>\n<p>Presenta su disco de larga duraci\u00f3n What the Dunes Have Hidden, un disco cargado de Black Metal, con riffs de guitarra que van desde lo mel\u00f3dico, reflexivo, hasta lo m\u00e1s agresivo y brutal, con un manejo vocal complejo, que armoniza tanto la m\u00fasica, voz y letras, pasando de gritos a susurros, que enriquecen la atm\u00f3sfera del \u00e1lbum.<\/p>\n<hr \/>\n<p style=\"text-align: right;\"><em><strong>Links Oficiales <\/strong><\/em><a href=\"https:\/\/www.facebook.com\/krvband\" target=\"_blank\" rel=\"noopener noreferrer\"><img loading=\"lazy\" decoding=\"async\" class=\"alignnone wp-image-58210\" src=\"https:\/\/landofgod.online\/wp-content\/uploads\/2023\/05\/f_logo_RGB-Blue_1024-300x300.png\" alt=\"\" width=\"32\" height=\"32\" \/><\/a><a href=\"https:\/\/krvmusic.bandcamp.com\" target=\"_blank\" rel=\"noopener noreferrer\"><img loading=\"lazy\" decoding=\"async\" class=\"alignnone wp-image-58207\" src=\"https:\/\/landofgod.online\/wp-content\/uploads\/2023\/05\/bandcamp-button-bc-circle-aqua-512-150x150.png\" alt=\"bandcamp\" width=\"32\" height=\"32\" \/><\/a><em><strong><a href=\"https:\/\/open.spotify.com\/intl-es\/album\/19nD3Mnn63N6EGwZONgPlj?si=ZtlEYYkSR02Ld89lSGuhDw\" target=\"_blank\" rel=\"noopener noreferrer\"><img loading=\"lazy\" decoding=\"async\" class=\"alignnone wp-image-58214\" src=\"https:\/\/landofgod.online\/wp-content\/uploads\/2023\/05\/Spotify_Icon_RGB_Green-300x300.png\" alt=\"\" width=\"32\" height=\"32\" \/><\/a><\/strong><\/em><\/p>\n","protected":false},"featured_media":58569,"comment_status":"open","ping_status":"closed","template":"","meta":{"_et_pb_use_builder":"","_et_pb_old_content":"","_et_gb_content_width":"","_joinchat":[]},"product_brand":[],"product_cat":[28,115,116],"product_tag":[],"class_list":{"0":"post-58568","1":"product","2":"type-product","3":"status-publish","4":"has-post-thumbnail","6":"product_cat-black-metal-genero","7":"product_cat-karv","8":"product_cat-sneeuwstorm-produkties","10":"first","11":"instock","12":"taxable","13":"shipping-taxable","14":"purchasable","15":"product-type-simple"},"jetpack_sharing_enabled":true,"_links":{"self":[{"href":"https:\/\/landofgod.online\/index.php\/wp-json\/wp\/v2\/product\/58568","targetHints":{"allow":["GET"]}}],"collection":[{"href":"https:\/\/landofgod.online\/index.php\/wp-json\/wp\/v2\/product"}],"about":[{"href":"https:\/\/landofgod.online\/index.php\/wp-json\/wp\/v2\/types\/product"}],"replies":[{"embeddable":true,"href":"https:\/\/landofgod.online\/index.php\/wp-json\/wp\/v2\/comments?post=58568"}],"wp:featuredmedia":[{"embeddable":true,"href":"https:\/\/landofgod.online\/index.php\/wp-json\/wp\/v2\/media\/58569"}],"wp:attachment":[{"href":"https:\/\/landofgod.online\/index.php\/wp-json\/wp\/v2\/media?parent=58568"}],"wp:term":[{"taxonomy":"product_brand","embeddable":true,"href":"https:\/\/landofgod.online\/index.php\/wp-json\/wp\/v2\/product_brand?post=58568"},{"taxonomy":"product_cat","embeddable":true,"href":"https:\/\/landofgod.online\/index.php\/wp-json\/wp\/v2\/product_cat?post=58568"},{"taxonomy":"product_tag","embeddable":true,"href":"https:\/\/landofgod.online\/index.php\/wp-json\/wp\/v2\/product_tag?post=58568"}],"curies":[{"name":"wp","href":"https:\/\/api.w.org\/{rel}","templated":true}]}}