{"id":58572,"date":"2025-04-17T16:54:03","date_gmt":"2025-04-17T16:54:03","guid":{"rendered":"https:\/\/landofgod.online\/?post_type=product&#038;p=58572"},"modified":"2025-04-17T16:54:03","modified_gmt":"2025-04-17T16:54:03","slug":"dehumanize-superbia-falsum-deum-creat","status":"publish","type":"product","link":"https:\/\/landofgod.online\/index.php\/producto\/dehumanize-superbia-falsum-deum-creat\/","title":{"rendered":"Dehumanize &#8211; Superbia Falsum Deum Creat"},"content":{"rendered":"<p><strong>Artista:<\/strong> Dehumanize<br \/>\n<strong>\u00c1lbum:<\/strong> Superbia Falsum Deum Creat<br \/>\n<strong>G\u00e9nero:<\/strong> Brutal Death Metal<br \/>\n<strong>Pa\u00eds:<\/strong> Estados Unidos<br \/>\n<strong>A\u00f1o de Lanzamiento:<\/strong> 2024<br \/>\n<strong>Productora:<\/strong> Vision of God Records<br \/>\n<strong>Formato:<\/strong> CD<br \/>\n<strong>Tipo:<\/strong> Jewel Case<\/p>\n<p><strong>Track List:<\/strong><\/p>\n<p>1. Hang Me from a Thousand Suns<br \/>\n2. A Rescinding Hand<br \/>\n3. The Closest Place to Nothingness<br \/>\n4. Fall on Your Sword<br \/>\n5. Through Tiring Eyes<br \/>\n6. War of Attrition<br \/>\n7. Outerlude<\/p>\n<p><iframe loading=\"lazy\" title=\"Dehumanize &quot;War of Attrition&quot; (lyric video) #deathmetal #deathcore #christianmusic #metal\" width=\"1080\" height=\"608\" src=\"https:\/\/www.youtube.com\/embed\/lKx0JaBeBAY?feature=oembed\"  allow=\"accelerometer; autoplay; clipboard-write; encrypted-media; gyroscope; picture-in-picture; web-share\" referrerpolicy=\"strict-origin-when-cross-origin\" allowfullscreen><\/iframe><\/p>\n","protected":false},"excerpt":{"rendered":"<p>Dehumanize Banda de Brutal Death Metal de Estados Unidos formada en 2015, tiene 3 discos de larga duraci\u00f3n. Nos presenta su disco Superbia Falsum Deum Creat (El orgullo crea un dios falso) lanzado en 2024, presenta 7 canciones en las cuales nos habla de la condici\u00f3n de la humanidad, que vive su vida sumida en el orgullo, en el dolor, en la necesidad de un escape a su realidad, que muchas veces piensan que la muerte es la respuesta donde encontrar\u00e1n el descanso, sin embargo contrastado con la realidad es que no todos encontrar\u00e1n descanso el descanso al final, solo aquellos que encuentran el refugio y relaci\u00f3n con Dios. Un disco muy recomendado que nos presenta growls profundos, blast beats que marcan ritmos r\u00e1pidos canciones demoledoras y brutal, pero tambi\u00e9n encontramos temas lentos, densos, oscuros que nos permiten ver la versatilidad que tiene esta banda.<\/p>\n<hr \/>\n<p style=\"text-align: right;\"><em><strong>Links Oficiales <\/strong><\/em><a href=\"https:\/\/www.facebook.com\/dehumanize\/?fref=ts\" target=\"_blank\" rel=\"noopener noreferrer\"><img loading=\"lazy\" decoding=\"async\" class=\"alignnone wp-image-58210\" src=\"https:\/\/landofgod.online\/wp-content\/uploads\/2023\/05\/f_logo_RGB-Blue_1024-300x300.png\" alt=\"\" width=\"32\" height=\"32\" \/><\/a><a href=\"https:\/\/luigideathcrew777.bandcamp.com\" target=\"_blank\" rel=\"noopener noreferrer\"><img loading=\"lazy\" decoding=\"async\" class=\"alignnone wp-image-58207\" src=\"https:\/\/landofgod.online\/wp-content\/uploads\/2023\/05\/bandcamp-button-bc-circle-aqua-512-150x150.png\" alt=\"bandcamp\" width=\"32\" height=\"32\" \/><\/a><em><strong><a href=\"https:\/\/open.spotify.com\/intl-es\/artist\/6XUx3pNn0e9qG11kVgXpF1?si=aIjQ47a5QdayYbuPn4B7rg\" target=\"_blank\" rel=\"noopener noreferrer\"><img loading=\"lazy\" decoding=\"async\" class=\"alignnone wp-image-58214\" src=\"https:\/\/landofgod.online\/wp-content\/uploads\/2023\/05\/Spotify_Icon_RGB_Green-300x300.png\" alt=\"\" width=\"32\" height=\"32\" \/><\/a><\/strong><\/em><\/p>\n","protected":false},"featured_media":58573,"comment_status":"open","ping_status":"closed","template":"","meta":{"_et_pb_use_builder":"","_et_pb_old_content":"","_et_gb_content_width":"","_joinchat":[]},"product_brand":[],"product_cat":[118,117],"product_tag":[],"class_list":{"0":"post-58572","1":"product","2":"type-product","3":"status-publish","4":"has-post-thumbnail","6":"product_cat-brutal-death-metal","7":"product_cat-dehumanize","9":"first","10":"instock","11":"taxable","12":"shipping-taxable","13":"purchasable","14":"product-type-simple"},"jetpack_sharing_enabled":true,"_links":{"self":[{"href":"https:\/\/landofgod.online\/index.php\/wp-json\/wp\/v2\/product\/58572","targetHints":{"allow":["GET"]}}],"collection":[{"href":"https:\/\/landofgod.online\/index.php\/wp-json\/wp\/v2\/product"}],"about":[{"href":"https:\/\/landofgod.online\/index.php\/wp-json\/wp\/v2\/types\/product"}],"replies":[{"embeddable":true,"href":"https:\/\/landofgod.online\/index.php\/wp-json\/wp\/v2\/comments?post=58572"}],"wp:featuredmedia":[{"embeddable":true,"href":"https:\/\/landofgod.online\/index.php\/wp-json\/wp\/v2\/media\/58573"}],"wp:attachment":[{"href":"https:\/\/landofgod.online\/index.php\/wp-json\/wp\/v2\/media?parent=58572"}],"wp:term":[{"taxonomy":"product_brand","embeddable":true,"href":"https:\/\/landofgod.online\/index.php\/wp-json\/wp\/v2\/product_brand?post=58572"},{"taxonomy":"product_cat","embeddable":true,"href":"https:\/\/landofgod.online\/index.php\/wp-json\/wp\/v2\/product_cat?post=58572"},{"taxonomy":"product_tag","embeddable":true,"href":"https:\/\/landofgod.online\/index.php\/wp-json\/wp\/v2\/product_tag?post=58572"}],"curies":[{"name":"wp","href":"https:\/\/api.w.org\/{rel}","templated":true}]}}